{"id":1131,"date":"2024-06-10T11:14:09","date_gmt":"2024-06-10T08:14:09","guid":{"rendered":"https:\/\/www.lithorama.gr\/?page_id=1131"},"modified":"2024-06-16T14:24:47","modified_gmt":"2024-06-16T11:24:47","slug":"nutzungsbedingungen","status":"publish","type":"page","link":"https:\/\/www.lithorama.gr\/de\/nutzungsbedingungen\/","title":{"rendered":"Nutzungsbedingungen"},"content":{"rendered":"\n<p class=\"has-text-align-center\">G\u00fcltig ab: 1. Juni 2024<\/p>\n\n\n\n<div style=\"height:var(--wp--preset--spacing--20)\" aria-hidden=\"true\" class=\"wp-block-spacer\"><\/div>\n\n\n\n<p>Herzlich willkommen auf der Website von Lithorama Boutique Suites. Mit dem Zugriff auf oder der Nutzung unserer Website erkl\u00e4ren Sie sich mit diesen Nutzungsbedingungen sowie unserer Datenschutzerkl\u00e4rung einverstanden. Sollten Teile dieser Bedingungen f\u00fcr Sie nicht akzeptabel sein, bitten wir Sie, von einer Nutzung unserer Website oder Dienstleistungen abzusehen.<\/p>\n\n\n\n<h2 class=\"wp-block-heading has-medium-font-size\">Nutzung der Website<\/h2>\n\n\n\n<p>Die auf dieser Website bereitgestellten Inhalte dienen allgemeinen Informationszwecken. Wir bem\u00fchen uns zwar um Richtigkeit und Vollst\u00e4ndigkeit der Informationen, k\u00f6nnen deren Genauigkeit, Zuverl\u00e4ssigkeit oder Aktualit\u00e4t jedoch nicht garantieren.<\/p>\n\n\n\n<h2 class=\"wp-block-heading has-medium-font-size\">Geistiges Eigentum<\/h2>\n\n\n\n<p>S\u00e4mtliche Inhalte dieser Website wie Texte, Grafiken, Logos, Bilder und Software sind Eigentum von Lithorama Boutique Suites oder deren Inhaltslieferanten und durch geltende Schutzrechte f\u00fcr geistiges Eigentum gesch\u00fctzt. Es ist nicht gestattet, Inhalte zu modifizieren, kopieren, verteilen, \u00fcbertragen, anzeigen, reproduzieren, ver\u00f6ffentlichen, lizenzieren, davon abgeleitete Werke zu erstellen, zu \u00fcbertragen oder zu verkaufen.<\/p>\n\n\n\n<h2 class=\"wp-block-heading has-medium-font-size\">Nutzerverhalten<\/h2>\n\n\n\n<p>Sie verpflichten sich, diese Website ausschlie\u00dflich rechtm\u00e4\u00dfig und in einer Weise zu nutzen, die die Rechte von Lithorama Boutique Suites oder Dritten nicht verletzt oder beeintr\u00e4chtigt. Insbesondere untersagen Sie sich Folgendes:<\/p>\n\n\n\n<ul class=\"wp-block-list\">\n<li>\u00dcbertragung von Viren, W\u00fcrmern, Defekten, Trojanischen Pferden oder anderen Schadelementen<\/li>\n\n\n\n<li>Modifikation, Anpassung, Unterlizenzierung, \u00dcbersetzung, Verkauf, R\u00fcckentwicklung, Dekompilierung oder Demontage von Website-Bestandteilen<\/li>\n\n\n\n<li>Entfernung von Urheber-, Marken- oder sonstigen Schutzrechtsvermerken<\/li>\n\n\n\n<li>&#8222;Framing&#8220; oder &#8222;Spiegelung&#8220; von Website-Teilen ohne vorherige schriftliche Genehmigung von Lithorama Boutique Suites<\/li>\n<\/ul>\n\n\n\n<h2 class=\"wp-block-heading has-medium-font-size\">Links zu Drittanbietern<\/h2>\n\n\n\n<p>Diese Website kann Links zu Websites oder Ressourcen Dritter enthalten. Diese Links stellen lediglich einen Service dar und wir \u00fcbernehmen keine Haftung f\u00fcr Inhalte, Genauigkeit oder Praktiken solcher Drittanbieter-Websites.<\/p>\n\n\n\n<h2 class=\"wp-block-heading has-medium-font-size\">Haftungsbeschr\u00e4nkung<\/h2>\n\n\n\n<p>Lithorama Boutique Suites, deren verbundene Unternehmen sowie jeweilige F\u00fchrungskr\u00e4fte, Mitarbeiter und Vertreter haften nicht f\u00fcr direkte, indirekte, zuf\u00e4llige oder Folgesch\u00e4den jeglicher Art, die sich aus der Nutzung oder der Unm\u00f6glichkeit der Nutzung dieser Website oder auf ihr bereitgestellter Inhalte oder Dienstleistungen ergeben k\u00f6nnten.<\/p>\n\n\n\n<h2 class=\"wp-block-heading has-medium-font-size\">\u00c4nderung und Beendigung<\/h2>\n\n\n\n<p>Lithorama Boutique Suites beh\u00e4lt sich das Recht vor, diese Website oder Teile davon jederzeit und ohne vorherige Ank\u00fcndigung zu \u00e4ndern, auszusetzen oder einzustellen.<\/p>\n\n\n\n<h2 class=\"wp-block-heading has-medium-font-size\"><strong>Geltendes Recht und Gerichtsstand<\/strong><\/h2>\n\n\n\n<p>Diese Nutzungsbedingungen unterliegen den Gesetzen Griechenlands und sind nach diesen auszulegen, ohne R\u00fccksicht auf Grunds\u00e4tze des Kollisionsrechts. Gerichtsstand f\u00fcr etwaige Streitigkeiten aus oder in Verbindung mit diesen Nutzungsbedingungen ist Kavala, Griechenland.<\/p>\n\n\n\n<h2 class=\"wp-block-heading has-medium-font-size\">\u00c4nderungen der Nutzungsbedingungen<\/h2>\n\n\n\n<p>Lithorama Boutique Suites kann diese Nutzungsbedingungen jederzeit durch Aktualisierung dieser Mitteilung \u00e4ndern. Ihre fortgesetzte Nutzung der Website nach solchen \u00c4nderungen gilt als Zustimmung zu den neuen Bedingungen.<\/p>\n\n\n\n<h2 class=\"wp-block-heading has-medium-font-size\">Kontaktieren Sie uns<\/h2>\n\n\n\n<p>Bei Fragen oder Anliegen zu diesen Nutzungsbedingungen kontaktieren Sie uns bitte \u00fcber:<\/p>\n\n\n\n<p>Lithorama Boutique Suites<br>Skala Potamias, Thassos 640 04, Griechenland<br>Tel.:\u00a0<a href=\"tel:+302593061092\">+30 2593 061092<\/a>\u00a0&amp;\u00a0<a href=\"tel:+306974622122\">+30 697 462 2122<\/a><br>Email:\u00a0<a href=\"mailto:holiday@lithorama.gr\">holiday@lithorama.gr<\/a><\/p>\n\n\n\n<p>Lithorama Boutique Suites wird betrieben von ST. SARRIS &#8211; I. SARRI G.P.<\/p>\n\n\n\n<p>Durch die Nutzung unserer Website oder Dienstleistungen stimmen Sie den Bedingungen dieser Nutzungsbedingungen zu.<\/p>\n","protected":false},"excerpt":{"rendered":"<p>Erfahren Sie mehr \u00fcber die Nutzungsbedingungen der Lithorama Boutique Suites-Website. Unsere Erkl\u00e4rung umfasst die Richtlinien und Regeln f\u00fcr die Nutzung unserer Online-Dienste.<\/p>\n","protected":false},"author":3,"featured_media":0,"parent":0,"menu_order":16,"comment_status":"closed","ping_status":"closed","template":"","meta":{"_monsterinsights_skip_tracking":false,"_monsterinsights_sitenote_active":false,"_monsterinsights_sitenote_note":"","_monsterinsights_sitenote_category":0,"footnotes":""},"class_list":["post-1131","page","type-page","status-publish","hentry"],"_links":{"self":[{"href":"https:\/\/www.lithorama.gr\/de\/wp-json\/wp\/v2\/pages\/1131","targetHints":{"allow":["GET"]}}],"collection":[{"href":"https:\/\/www.lithorama.gr\/de\/wp-json\/wp\/v2\/pages"}],"about":[{"href":"https:\/\/www.lithorama.gr\/de\/wp-json\/wp\/v2\/types\/page"}],"author":[{"embeddable":true,"href":"https:\/\/www.lithorama.gr\/de\/wp-json\/wp\/v2\/users\/3"}],"replies":[{"embeddable":true,"href":"https:\/\/www.lithorama.gr\/de\/wp-json\/wp\/v2\/comments?post=1131"}],"version-history":[{"count":5,"href":"https:\/\/www.lithorama.gr\/de\/wp-json\/wp\/v2\/pages\/1131\/revisions"}],"predecessor-version":[{"id":2576,"href":"https:\/\/www.lithorama.gr\/de\/wp-json\/wp\/v2\/pages\/1131\/revisions\/2576"}],"wp:attachment":[{"href":"https:\/\/www.lithorama.gr\/de\/wp-json\/wp\/v2\/media?parent=1131"}],"curies":[{"name":"wp","href":"https:\/\/api.w.org\/{rel}","templated":true}]}}