{"id":1136,"date":"2024-06-10T11:23:58","date_gmt":"2024-06-10T08:23:58","guid":{"rendered":"https:\/\/www.lithorama.gr\/?page_id=1136"},"modified":"2024-08-22T17:06:53","modified_gmt":"2024-08-22T14:06:53","slug":"barrierefreiheit","status":"publish","type":"page","link":"https:\/\/www.lithorama.gr\/de\/barrierefreiheit\/","title":{"rendered":"Barrierefreiheitserkl\u00e4rung"},"content":{"rendered":"\n<div style=\"height:var(--wp--preset--spacing--10)\" aria-hidden=\"true\" class=\"wp-block-spacer\"><\/div>\n\n\n\n<p>Bei Lithorama Boutique Suites legen wir gr\u00f6\u00dften Wert darauf, allen Nutzern ungeachtet ihrer F\u00e4higkeiten oder verwendeten Technologien ein integratives und barrierefreies digitales Erlebnis zu erm\u00f6glichen. Wir setzen alle Hebel in Bewegung, um sicherzustellen, dass unsere Website den h\u00f6chsten Barrierefreiheitsstandards entspricht, die in den <a href=\"https:\/\/www.w3.org\/TR\/WCAG21\/\" data-type=\"link\" data-id=\"https:\/\/www.w3.org\/TR\/WCAG21\/\" target=\"_blank\" rel=\"noopener\">Web Content Accessibility Guidelines (WCAG) 2.1 Level AA<\/a> definiert sind.<\/p>\n\n\n\n<h2 class=\"wp-block-heading has-medium-font-size\">Geltungsbereich<\/h2>\n\n\n\n<p>Diese Barrierefreiheitserkl\u00e4rung gilt f\u00fcr s\u00e4mtliche digitalen Inhalte, Anwendungen und Dienstleistungen, die von Lithorama Boutique Suites auf unserer Website (https:\/\/www.lithorama.gr) bereitgestellt werden. Ebenso bezieht sie Drittsysteme und -anwendungen mit ein, die in unsere Website eingebunden sind.<\/p>\n\n\n\n<h2 class=\"wp-block-heading has-medium-font-size\">Konformit\u00e4t und Monitoring<\/h2>\n\n\n\n<p>Wir sind uns bewusst, dass das Erreichen und Aufrechterhalten von Barrierefreiheit ein kontinuierlicher Prozess ist. Interne und externe Barrierefreiheitsexperten pr\u00fcfen und testen unsere Website regelm\u00e4\u00dfig auf ihre \u00dcbereinstimmung mit den WCAG 2.1 Level AA-Standards. S\u00e4mtliche identifizierten Barrierefreiheitsprobleme werden umgehend angegangen und behoben.<\/p>\n\n\n\n<h2 class=\"wp-block-heading has-medium-font-size\">Barrierefreiheitsfunktionen<\/h2>\n\n\n\n<p>Unsere Website beinhaltet zahlreiche Barrierefreiheitsfunktionen, um allen Nutzern ein m\u00fcheloses und inklusives Erlebnis zu bieten, wie beispielsweise:<\/p>\n\n\n\n<ul class=\"wp-block-list\">\n<li><strong>Alternativtexte<\/strong>: Bereitstellung aussagekr\u00e4ftiger und beschreibender Alternativtexte f\u00fcr Bildelemente, damit Screenreader die Informationen korrekt vermitteln k\u00f6nnen.<\/li>\n\n\n\n<li><strong>Tastaturnavigation<\/strong>: Gew\u00e4hrleistung, dass s\u00e4mtliche Elemente der Website ausschlie\u00dflich per Tastatur navigiert und bedient werden k\u00f6nnen, ohne Maus erforderlich ist.<\/li>\n\n\n\n<li><strong>Ausreichende Kontrastverh\u00e4ltnisse<\/strong>: Sicherstellung, dass die Farb- und Helligkeitskontraste zwischen Text und Hintergrund mindestens den WCAG 2.1 AA-Kontrastanforderungen entsprechen, um die Lesbarkeit f\u00fcr Menschen mit Sehbehinderungen oder Farbsehst\u00f6rungen zu maximieren.<\/li>\n\n\n\n<li><strong>Skalierbarer Text<\/strong>: Erm\u00f6glichung der stufenlosen Textvergr\u00f6\u00dferung, ohne Verzerrung von Inhalten, Funktionalit\u00e4ten oder Layout.<\/li>\n\n\n\n<li><strong>Klare Navigationsstruktur<\/strong>: Implementierung einer logischen und konsistenten Navigationsstruktur zur Erleichterung des Auffindens und der Orientierung von Inhalten.<\/li>\n<\/ul>\n\n\n\n<h2 class=\"wp-block-heading has-medium-font-size\">Feedback und Support<\/h2>\n\n\n\n<p>Wir begr\u00fc\u00dfen Feedback von Nutzern zur Barrierefreiheit unserer Website. Sollten Sie auf Barrieren sto\u00dfen, Verbesserungsvorschl\u00e4ge haben oder Support ben\u00f6tigen, kontaktieren Sie bitte unser kompetentes Barrierefreiheits-Supportteam:<\/p>\n\n\n\n<p>E-Mail: <a href=\"mailto:holiday@lithorama.gr\">holiday@lithorama.gr<\/a><br>Tel.: <a href=\"tel:+302593061092\" data-type=\"tel\" data-id=\"tel:+302593061092\">+30 2593 061092<\/a> &amp; <a href=\"tel:+306974622122\" data-type=\"tel\" data-id=\"tel:+306974622122\">+30 697 462 2122<\/a><\/p>\n\n\n\n<h2 class=\"wp-block-heading has-medium-font-size\">Schulungen und Bewusstseinsbildung<\/h2>\n\n\n\n<p>Wir streben danach, eine inklusive Kultur zu f\u00f6rdern, indem wir unseren Mitarbeitern Schulungen und Ressourcen zum Thema Barrierefreiheit anbieten. Dadurch stellen wir sicher, dass unsere Teams die Bedeutung von Barrierefreiheit verstehen und \u00fcber das erforderliche Wissen und die F\u00e4higkeiten verf\u00fcgen, um barrierefreie Inhalte und digitale Erlebnisse zu schaffen.<\/p>\n\n\n\n<h2 class=\"wp-block-heading has-medium-font-size\">Kontinuierliche Verbesserung<\/h2>\n\n\n\n<p>Wir sind uns bewusst, dass Barrierefreiheit ein sich st\u00e4ndig weiterentwickelndes Feld ist. Daher verfolgen wir proaktiv Aktualisierungen und Implementierungen, um uns an Best Practices, technologischen Fortschritt und sich wandelnde gesetzliche Anforderungen anzupassen und die Barrierefreiheit unserer Website kontinuierlich zu verbessern.<\/p>\n\n\n\n<h2 class=\"wp-block-heading has-medium-font-size\">Weitere Unterst\u00fctzung<\/h2>\n\n\n\n<p>Sollten Sie weiteren Support ben\u00f6tigen oder spezielle Barrierefreiheitsanforderungen haben, z\u00f6gern Sie nicht, unser Barrierefreiheits-Supportteam zu kontaktieren. Wir setzen alles daran, sicherzustellen, dass s\u00e4mtliche Nutzer Zugriff auf unsere digitalen Inhalte und Dienstleistungen haben und diese in vollen Z\u00fcgen genie\u00dfen k\u00f6nnen.<\/p>\n\n\n\n<h2 class=\"wp-block-heading has-medium-font-size\">\u00dcberpr\u00fcfung und Aktualisierung<\/h2>\n\n\n\n<p>Diese Barrierefreiheitserkl\u00e4rung wird regelm\u00e4\u00dfig gepr\u00fcft und bei Bedarf aktualisiert, um Ver\u00e4nderungen in Technologie, Barrierefreiheitsstandards und gesetzlichen Anforderungen Rechnung zu tragen. Unser Ziel ist es, allen Nutzern ein inklusives und barrierefreies Online-Erlebnis zu bieten.<\/p>\n","protected":false},"excerpt":{"rendered":"<p>Erfahren Sie, wie wir die Barrierefreiheit unserer Website bei Lithorama Boutique Suites sicherstellen. Unsere Erkl\u00e4rung beschreibt die Schritte, die wir unternehmen, um allen Nutzern einen uneingeschr\u00e4nkten und barrierefreien Zugang zu gew\u00e4hrleisten.<\/p>\n","protected":false},"author":3,"featured_media":0,"parent":0,"menu_order":17,"comment_status":"closed","ping_status":"closed","template":"","meta":{"_monsterinsights_skip_tracking":false,"_monsterinsights_sitenote_active":false,"_monsterinsights_sitenote_note":"","_monsterinsights_sitenote_category":0,"footnotes":""},"class_list":["post-1136","page","type-page","status-publish","hentry"],"_links":{"self":[{"href":"https:\/\/www.lithorama.gr\/de\/wp-json\/wp\/v2\/pages\/1136","targetHints":{"allow":["GET"]}}],"collection":[{"href":"https:\/\/www.lithorama.gr\/de\/wp-json\/wp\/v2\/pages"}],"about":[{"href":"https:\/\/www.lithorama.gr\/de\/wp-json\/wp\/v2\/types\/page"}],"author":[{"embeddable":true,"href":"https:\/\/www.lithorama.gr\/de\/wp-json\/wp\/v2\/users\/3"}],"replies":[{"embeddable":true,"href":"https:\/\/www.lithorama.gr\/de\/wp-json\/wp\/v2\/comments?post=1136"}],"version-history":[{"count":5,"href":"https:\/\/www.lithorama.gr\/de\/wp-json\/wp\/v2\/pages\/1136\/revisions"}],"predecessor-version":[{"id":3433,"href":"https:\/\/www.lithorama.gr\/de\/wp-json\/wp\/v2\/pages\/1136\/revisions\/3433"}],"wp:attachment":[{"href":"https:\/\/www.lithorama.gr\/de\/wp-json\/wp\/v2\/media?parent=1136"}],"curies":[{"name":"wp","href":"https:\/\/api.w.org\/{rel}","templated":true}]}}