{"id":15,"date":"2024-06-08T13:33:55","date_gmt":"2024-06-08T10:33:55","guid":{"rendered":"https:\/\/www.lithorama.gr\/?page_id=15"},"modified":"2024-06-19T17:27:36","modified_gmt":"2024-06-19T14:27:36","slug":"zimmer","status":"publish","type":"page","link":"https:\/\/www.lithorama.gr\/de\/zimmer\/","title":{"rendered":"Finden Sie Ihr Zimmer"},"content":{"rendered":"\n<div class=\"wp-block-group is-layout-flow wp-block-group-is-layout-flow\" style=\"padding-bottom:var(--wp--preset--spacing--50)\">\n<p class=\"has-text-align-center\">Entdecken Sie die Sch\u00f6nheit von Thassos in vollen Z\u00fcgen. Unsere f\u00fcnf traumhaften Maisonette-Suiten heben den Wohngenuss auf eine neue Ebene und laden zum Verweilen ein. Hier erleben Sie h\u00f6chsten Komfort gepaart mit traditioneller griechischer Gastfreundschaft. Eine atemberaubende Kulisse aus Meer, Bergen und \u00fcppiger Natur umgibt die \u00fcber zwei Ebenen angelegten, gro\u00dfz\u00fcgigen Suiten.<\/p>\n<\/div>\n\n\n\n<div class=\"wp-block-group alignfull has-global-padding is-layout-constrained wp-container-core-group-is-layout-19c400f2 wp-block-group-is-layout-constrained\" style=\"margin-top:0;margin-bottom:0\">\n<div data-wp-context=\"{}\" data-wp-interactive=\"core\/query\" data-wp-key=\"17\" data-wp-router-region=\"query-17\" class=\"wp-block-query alignfull is-layout-flow wp-block-query-is-layout-flow\"><ul class=\"alignfull order wp-block-post-template is-layout-flow wp-container-core-post-template-is-layout-3ee800f6 wp-block-post-template-is-layout-flow\"><li data-wp-key=\"post-template-item-33\" class=\"wp-block-post post-33 page type-page status-publish has-post-thumbnail hentry\">\n\n<div class=\"wp-block-columns is-layout-flex wp-container-core-columns-is-layout-f732cb08 wp-block-columns-is-layout-flex\" style=\"margin-top:0;margin-bottom:0\">\n<div class=\"wp-block-column is-vertically-aligned-stretch is-layout-flow wp-block-column-is-layout-flow\" style=\"flex-basis:50%\">\n<div class=\"wp-block-cover is-light\" style=\"min-height:100%;aspect-ratio:unset;\"><span aria-hidden=\"true\" class=\"wp-block-cover__background has-background-dim-0 has-background-dim\" style=\"background-color:#a1a8ab\"><\/span><img loading=\"lazy\" decoding=\"async\" width=\"1200\" height=\"800\" src=\"https:\/\/www.lithorama.gr\/wp-content\/uploads\/2024\/06\/Melina-Merkouri-Suite-Lithorama-Thasos-3.jpg\" class=\"wp-block-cover__image-background wp-post-image\" alt=\"Melina Merkouri Suite - Lithorama Thasos - 3\" data-object-fit=\"cover\" data-object-position=\"50% 100%\" style=\"object-position:50% 100%;\" srcset=\"https:\/\/www.lithorama.gr\/wp-content\/uploads\/2024\/06\/Melina-Merkouri-Suite-Lithorama-Thasos-3.jpg 1200w, https:\/\/www.lithorama.gr\/wp-content\/uploads\/2024\/06\/Melina-Merkouri-Suite-Lithorama-Thasos-3-400x267.jpg 400w, https:\/\/www.lithorama.gr\/wp-content\/uploads\/2024\/06\/Melina-Merkouri-Suite-Lithorama-Thasos-3-1024x683.jpg 1024w, https:\/\/www.lithorama.gr\/wp-content\/uploads\/2024\/06\/Melina-Merkouri-Suite-Lithorama-Thasos-3-768x512.jpg 768w\" sizes=\"auto, (max-width: 1200px) 100vw, 1200px\" \/><div class=\"wp-block-cover__inner-container is-layout-flow wp-block-cover-is-layout-flow\">\n<div style=\"height:20rem\" aria-hidden=\"true\" class=\"wp-block-spacer\"><\/div>\n<\/div><\/div>\n<\/div>\n\n\n\n<div class=\"wp-block-column is-vertically-aligned-center has-global-padding is-layout-constrained wp-container-core-column-is-layout-37bbb7d3 wp-block-column-is-layout-constrained\" style=\"padding-top:var(--wp--preset--spacing--30);padding-bottom:var(--wp--preset--spacing--30);flex-basis:50%\">\n<div class=\"wp-block-group has-global-padding is-layout-constrained wp-container-core-group-is-layout-f611be13 wp-block-group-is-layout-constrained\" style=\"padding-top:var(--wp--preset--spacing--50);padding-right:var(--wp--preset--spacing--50);padding-bottom:var(--wp--preset--spacing--50);padding-left:var(--wp--preset--spacing--50)\"><h2 class=\"has-text-align-center has-link-color wp-elements-36c394f2bc80409109491335fd5eb326 wp-block-post-title\"><a href=\"https:\/\/www.lithorama.gr\/de\/zimmer\/melina-merkouri\/\" target=\"_self\" >Die Melina Merkouri Suite<\/a><\/h2>\n\n<div class=\"has-text-align-center wp-block-post-excerpt\"><p class=\"wp-block-post-excerpt__excerpt\">Diese ger\u00e4umige Suite erstreckt sich \u00fcber zwei Stockwerke und bietet mit ihren 33 Quadratmetern reichlich Platz f\u00fcr bis zu zwei Erwachsene und zwei Kinder. Die gro\u00dfz\u00fcgige Raumaufteilung sorgt f\u00fcr eine angenehme und entspannte Atmosph\u00e4re zum Erholen.<\/p><p class=\"wp-block-post-excerpt__more-text\"><a class=\"wp-block-post-excerpt__more-link\" href=\"https:\/\/www.lithorama.gr\/de\/zimmer\/melina-merkouri\/\">Mehr erfahren und buchen!<\/a><\/p><\/div><\/div>\n<\/div>\n<\/div>\n\n<\/li><li data-wp-key=\"post-template-item-35\" class=\"wp-block-post post-35 page type-page status-publish has-post-thumbnail hentry\">\n\n<div class=\"wp-block-columns is-layout-flex wp-container-core-columns-is-layout-f732cb08 wp-block-columns-is-layout-flex\" style=\"margin-top:0;margin-bottom:0\">\n<div class=\"wp-block-column is-vertically-aligned-stretch is-layout-flow wp-block-column-is-layout-flow\" style=\"flex-basis:50%\">\n<div class=\"wp-block-cover is-light\" style=\"min-height:100%;aspect-ratio:unset;\"><span aria-hidden=\"true\" class=\"wp-block-cover__background has-background-dim-0 has-background-dim\" style=\"background-color:#a1a8ab\"><\/span><img loading=\"lazy\" decoding=\"async\" width=\"1200\" height=\"800\" src=\"https:\/\/www.lithorama.gr\/wp-content\/uploads\/2024\/06\/Nikos-Kazantzakis-Suite-Lithorama-Thasos-8.jpg\" class=\"wp-block-cover__image-background wp-post-image\" alt=\"Nikos Kazantzakis Suite - Lithorama Thasos - 8\" data-object-fit=\"cover\" data-object-position=\"50% 100%\" style=\"object-position:50% 100%;\" srcset=\"https:\/\/www.lithorama.gr\/wp-content\/uploads\/2024\/06\/Nikos-Kazantzakis-Suite-Lithorama-Thasos-8.jpg 1200w, https:\/\/www.lithorama.gr\/wp-content\/uploads\/2024\/06\/Nikos-Kazantzakis-Suite-Lithorama-Thasos-8-400x267.jpg 400w, https:\/\/www.lithorama.gr\/wp-content\/uploads\/2024\/06\/Nikos-Kazantzakis-Suite-Lithorama-Thasos-8-1024x683.jpg 1024w, https:\/\/www.lithorama.gr\/wp-content\/uploads\/2024\/06\/Nikos-Kazantzakis-Suite-Lithorama-Thasos-8-768x512.jpg 768w\" sizes=\"auto, (max-width: 1200px) 100vw, 1200px\" \/><div class=\"wp-block-cover__inner-container is-layout-flow wp-block-cover-is-layout-flow\">\n<div style=\"height:20rem\" aria-hidden=\"true\" class=\"wp-block-spacer\"><\/div>\n<\/div><\/div>\n<\/div>\n\n\n\n<div class=\"wp-block-column is-vertically-aligned-center has-global-padding is-layout-constrained wp-container-core-column-is-layout-37bbb7d3 wp-block-column-is-layout-constrained\" style=\"padding-top:var(--wp--preset--spacing--30);padding-bottom:var(--wp--preset--spacing--30);flex-basis:50%\">\n<div class=\"wp-block-group has-global-padding is-layout-constrained wp-container-core-group-is-layout-f611be13 wp-block-group-is-layout-constrained\" style=\"padding-top:var(--wp--preset--spacing--50);padding-right:var(--wp--preset--spacing--50);padding-bottom:var(--wp--preset--spacing--50);padding-left:var(--wp--preset--spacing--50)\"><h2 class=\"has-text-align-center has-link-color wp-elements-36c394f2bc80409109491335fd5eb326 wp-block-post-title\"><a href=\"https:\/\/www.lithorama.gr\/de\/zimmer\/nikos-kazantzakis\/\" target=\"_self\" >Die Nikos Kazantzakis Suite<\/a><\/h2>\n\n<div class=\"has-text-align-center wp-block-post-excerpt\"><p class=\"wp-block-post-excerpt__excerpt\">Genie\u00dfen Sie den Komfort und die stilvolle Atmosph\u00e4re der 31m\u00b2 gro\u00dfen Maisonette-Suite mit offener Galerie, die atemberaubende Meerblicke bietet. Diese Suite ist ideal f\u00fcr bis zu vier G\u00e4ste geeignet, sei es f\u00fcr Paare oder Familien.<\/p><p class=\"wp-block-post-excerpt__more-text\"><a class=\"wp-block-post-excerpt__more-link\" href=\"https:\/\/www.lithorama.gr\/de\/zimmer\/nikos-kazantzakis\/\">Mehr erfahren und buchen!<\/a><\/p><\/div><\/div>\n<\/div>\n<\/div>\n\n<\/li><li data-wp-key=\"post-template-item-37\" class=\"wp-block-post post-37 page type-page status-publish has-post-thumbnail hentry\">\n\n<div class=\"wp-block-columns is-layout-flex wp-container-core-columns-is-layout-f732cb08 wp-block-columns-is-layout-flex\" style=\"margin-top:0;margin-bottom:0\">\n<div class=\"wp-block-column is-vertically-aligned-stretch is-layout-flow wp-block-column-is-layout-flow\" style=\"flex-basis:50%\">\n<div class=\"wp-block-cover is-light\" style=\"min-height:100%;aspect-ratio:unset;\"><span aria-hidden=\"true\" class=\"wp-block-cover__background has-background-dim-0 has-background-dim\" style=\"background-color:#a1a8ab\"><\/span><img loading=\"lazy\" decoding=\"async\" width=\"1200\" height=\"800\" src=\"https:\/\/www.lithorama.gr\/wp-content\/uploads\/2024\/06\/Maria-Callas-Suite-Lithorama-Thasos-1.jpg\" class=\"wp-block-cover__image-background wp-post-image\" alt=\"Maria Callas Suite - Lithorama Thasos - 1\" data-object-fit=\"cover\" data-object-position=\"50% 100%\" style=\"object-position:50% 100%;\" srcset=\"https:\/\/www.lithorama.gr\/wp-content\/uploads\/2024\/06\/Maria-Callas-Suite-Lithorama-Thasos-1.jpg 1200w, https:\/\/www.lithorama.gr\/wp-content\/uploads\/2024\/06\/Maria-Callas-Suite-Lithorama-Thasos-1-400x267.jpg 400w, https:\/\/www.lithorama.gr\/wp-content\/uploads\/2024\/06\/Maria-Callas-Suite-Lithorama-Thasos-1-1024x683.jpg 1024w, https:\/\/www.lithorama.gr\/wp-content\/uploads\/2024\/06\/Maria-Callas-Suite-Lithorama-Thasos-1-768x512.jpg 768w\" sizes=\"auto, (max-width: 1200px) 100vw, 1200px\" \/><div class=\"wp-block-cover__inner-container is-layout-flow wp-block-cover-is-layout-flow\">\n<div style=\"height:20rem\" aria-hidden=\"true\" class=\"wp-block-spacer\"><\/div>\n<\/div><\/div>\n<\/div>\n\n\n\n<div class=\"wp-block-column is-vertically-aligned-center has-global-padding is-layout-constrained wp-container-core-column-is-layout-37bbb7d3 wp-block-column-is-layout-constrained\" style=\"padding-top:var(--wp--preset--spacing--30);padding-bottom:var(--wp--preset--spacing--30);flex-basis:50%\">\n<div class=\"wp-block-group has-global-padding is-layout-constrained wp-container-core-group-is-layout-f611be13 wp-block-group-is-layout-constrained\" style=\"padding-top:var(--wp--preset--spacing--50);padding-right:var(--wp--preset--spacing--50);padding-bottom:var(--wp--preset--spacing--50);padding-left:var(--wp--preset--spacing--50)\"><h2 class=\"has-text-align-center has-link-color wp-elements-36c394f2bc80409109491335fd5eb326 wp-block-post-title\"><a href=\"https:\/\/www.lithorama.gr\/de\/zimmer\/maria-callas\/\" target=\"_self\" >Die Maria Callas Suite<\/a><\/h2>\n\n<div class=\"has-text-align-center wp-block-post-excerpt\"><p class=\"wp-block-post-excerpt__excerpt\">Genie\u00dfen Sie einen unvergesslichen Aufenthalt in dieser charmanten, zweist\u00f6ckigen Suite, die Platz f\u00fcr bis zu f\u00fcnf G\u00e4ste bietet. Mit hochwertigen Betten, einem privaten Balkon mit Meerblick und modernen Annehmlichkeiten bietet diese Suite alles, was Sie f\u00fcr einen komfortablen Aufenthalt ben\u00f6tigen.<\/p><p class=\"wp-block-post-excerpt__more-text\"><a class=\"wp-block-post-excerpt__more-link\" href=\"https:\/\/www.lithorama.gr\/de\/zimmer\/maria-callas\/\">Mehr erfahren und buchen!<\/a><\/p><\/div><\/div>\n<\/div>\n<\/div>\n\n<\/li><li data-wp-key=\"post-template-item-39\" class=\"wp-block-post post-39 page type-page status-publish has-post-thumbnail hentry\">\n\n<div class=\"wp-block-columns is-layout-flex wp-container-core-columns-is-layout-f732cb08 wp-block-columns-is-layout-flex\" style=\"margin-top:0;margin-bottom:0\">\n<div class=\"wp-block-column is-vertically-aligned-stretch is-layout-flow wp-block-column-is-layout-flow\" style=\"flex-basis:50%\">\n<div class=\"wp-block-cover is-light\" style=\"min-height:100%;aspect-ratio:unset;\"><span aria-hidden=\"true\" class=\"wp-block-cover__background has-background-dim-0 has-background-dim\" style=\"background-color:#a1a8ab\"><\/span><img loading=\"lazy\" decoding=\"async\" width=\"1200\" height=\"800\" src=\"https:\/\/www.lithorama.gr\/wp-content\/uploads\/2024\/06\/Mikis-Theodorakis-Suite-Lithorama-Thasos-1.jpg\" class=\"wp-block-cover__image-background wp-post-image\" alt=\"Mikis Theodorakis Suite - Lithorama Thasos - 1\" data-object-fit=\"cover\" data-object-position=\"50% 100%\" style=\"object-position:50% 100%;\" srcset=\"https:\/\/www.lithorama.gr\/wp-content\/uploads\/2024\/06\/Mikis-Theodorakis-Suite-Lithorama-Thasos-1.jpg 1200w, https:\/\/www.lithorama.gr\/wp-content\/uploads\/2024\/06\/Mikis-Theodorakis-Suite-Lithorama-Thasos-1-400x267.jpg 400w, https:\/\/www.lithorama.gr\/wp-content\/uploads\/2024\/06\/Mikis-Theodorakis-Suite-Lithorama-Thasos-1-1024x683.jpg 1024w, https:\/\/www.lithorama.gr\/wp-content\/uploads\/2024\/06\/Mikis-Theodorakis-Suite-Lithorama-Thasos-1-768x512.jpg 768w\" sizes=\"auto, (max-width: 1200px) 100vw, 1200px\" \/><div class=\"wp-block-cover__inner-container is-layout-flow wp-block-cover-is-layout-flow\">\n<div style=\"height:20rem\" aria-hidden=\"true\" class=\"wp-block-spacer\"><\/div>\n<\/div><\/div>\n<\/div>\n\n\n\n<div class=\"wp-block-column is-vertically-aligned-center has-global-padding is-layout-constrained wp-container-core-column-is-layout-37bbb7d3 wp-block-column-is-layout-constrained\" style=\"padding-top:var(--wp--preset--spacing--30);padding-bottom:var(--wp--preset--spacing--30);flex-basis:50%\">\n<div class=\"wp-block-group has-global-padding is-layout-constrained wp-container-core-group-is-layout-f611be13 wp-block-group-is-layout-constrained\" style=\"padding-top:var(--wp--preset--spacing--50);padding-right:var(--wp--preset--spacing--50);padding-bottom:var(--wp--preset--spacing--50);padding-left:var(--wp--preset--spacing--50)\"><h2 class=\"has-text-align-center has-link-color wp-elements-36c394f2bc80409109491335fd5eb326 wp-block-post-title\"><a href=\"https:\/\/www.lithorama.gr\/de\/zimmer\/mikis-theodorakis\/\" target=\"_self\" >Die Mikis Theodorakis Suite<\/a><\/h2>\n\n<div class=\"has-text-align-center wp-block-post-excerpt\"><p class=\"wp-block-post-excerpt__excerpt\">Erleben Sie Komfort und Stil in dieser zweist\u00f6ckigen Maisonette-Suite. Auf 34 Quadratmetern bietet sie Platz f\u00fcr bis zu 4 Personen mit Bergblick \u2013 alles, was Sie f\u00fcr einen erholsamen Aufenthalt brauchen.<\/p><p class=\"wp-block-post-excerpt__more-text\"><a class=\"wp-block-post-excerpt__more-link\" href=\"https:\/\/www.lithorama.gr\/de\/zimmer\/mikis-theodorakis\/\">Mehr erfahren und buchen!<\/a><\/p><\/div><\/div>\n<\/div>\n<\/div>\n\n<\/li><li data-wp-key=\"post-template-item-41\" class=\"wp-block-post post-41 page type-page status-publish has-post-thumbnail hentry\">\n\n<div class=\"wp-block-columns is-layout-flex wp-container-core-columns-is-layout-f732cb08 wp-block-columns-is-layout-flex\" style=\"margin-top:0;margin-bottom:0\">\n<div class=\"wp-block-column is-vertically-aligned-stretch is-layout-flow wp-block-column-is-layout-flow\" style=\"flex-basis:50%\">\n<div class=\"wp-block-cover is-light\" style=\"min-height:100%;aspect-ratio:unset;\"><span aria-hidden=\"true\" class=\"wp-block-cover__background has-background-dim-0 has-background-dim\" style=\"background-color:#a1a8ab\"><\/span><img loading=\"lazy\" decoding=\"async\" width=\"1200\" height=\"800\" src=\"https:\/\/www.lithorama.gr\/wp-content\/uploads\/2024\/06\/Otto-Rehagel-Suite-Lithorama-Thasos-2.jpg\" class=\"wp-block-cover__image-background wp-post-image\" alt=\"Otto Rehagel Suite - Lithorama Thasos - 2\" data-object-fit=\"cover\" data-object-position=\"50% 100%\" style=\"object-position:50% 100%;\" srcset=\"https:\/\/www.lithorama.gr\/wp-content\/uploads\/2024\/06\/Otto-Rehagel-Suite-Lithorama-Thasos-2.jpg 1200w, https:\/\/www.lithorama.gr\/wp-content\/uploads\/2024\/06\/Otto-Rehagel-Suite-Lithorama-Thasos-2-400x267.jpg 400w, https:\/\/www.lithorama.gr\/wp-content\/uploads\/2024\/06\/Otto-Rehagel-Suite-Lithorama-Thasos-2-1024x683.jpg 1024w, https:\/\/www.lithorama.gr\/wp-content\/uploads\/2024\/06\/Otto-Rehagel-Suite-Lithorama-Thasos-2-768x512.jpg 768w\" sizes=\"auto, (max-width: 1200px) 100vw, 1200px\" \/><div class=\"wp-block-cover__inner-container is-layout-flow wp-block-cover-is-layout-flow\">\n<div style=\"height:20rem\" aria-hidden=\"true\" class=\"wp-block-spacer\"><\/div>\n<\/div><\/div>\n<\/div>\n\n\n\n<div class=\"wp-block-column is-vertically-aligned-center has-global-padding is-layout-constrained wp-container-core-column-is-layout-37bbb7d3 wp-block-column-is-layout-constrained\" style=\"padding-top:var(--wp--preset--spacing--30);padding-bottom:var(--wp--preset--spacing--30);flex-basis:50%\">\n<div class=\"wp-block-group has-global-padding is-layout-constrained wp-container-core-group-is-layout-f611be13 wp-block-group-is-layout-constrained\" style=\"padding-top:var(--wp--preset--spacing--50);padding-right:var(--wp--preset--spacing--50);padding-bottom:var(--wp--preset--spacing--50);padding-left:var(--wp--preset--spacing--50)\"><h2 class=\"has-text-align-center has-link-color wp-elements-36c394f2bc80409109491335fd5eb326 wp-block-post-title\"><a href=\"https:\/\/www.lithorama.gr\/de\/zimmer\/otto-rehhagel\/\" target=\"_self\" >Die Otto Rehhagel Suite<\/a><\/h2>\n\n<div class=\"has-text-align-center wp-block-post-excerpt\"><p class=\"wp-block-post-excerpt__excerpt\">Entdecken Sie diese gem\u00fctliche Maisonette-Suite auf 32m\u00b2, verteilt \u00fcber zwei Etagen, ideal f\u00fcr bis zu vier Personen. Genie\u00dfen Sie den atemberaubenden Blick auf die Bucht und erleben Sie erholsame N\u00e4chte in einer einladenden Atmosph\u00e4re. Das Erdgeschoss ist barrierefrei gestaltet und somit auch f\u00fcr G\u00e4ste mit Mobilit\u00e4tseinschr\u00e4nkungen bestens geeignet.<\/p><p class=\"wp-block-post-excerpt__more-text\"><a class=\"wp-block-post-excerpt__more-link\" href=\"https:\/\/www.lithorama.gr\/de\/zimmer\/otto-rehhagel\/\">Mehr erfahren und buchen!<\/a><\/p><\/div><\/div>\n<\/div>\n<\/div>\n\n<\/li><\/ul><\/div>\n<\/div>\n\n\n\n<div class=\"wp-block-group alignfull has-base-2-background-color has-background is-layout-flow wp-block-group-is-layout-flow\" id=\"bewertungen\" style=\"margin-top:0;margin-bottom:0;padding-top:var(--wp--preset--spacing--50);padding-right:var(--wp--preset--spacing--50);padding-bottom:var(--wp--preset--spacing--50);padding-left:var(--wp--preset--spacing--50)\">\n<h2 class=\"wp-block-heading has-text-align-center\">Begeisterte Besucherberichte<\/h2>\n\n\n\n<script defer async src='https:\/\/cdn.trustindex.io\/loader.js?087942b30e998873b01688070bb'><\/script>\n<\/div>\n\n\n\n<div class=\"wp-block-group alignfull has-global-padding is-layout-constrained wp-container-core-group-is-layout-d89aad35 wp-block-group-is-layout-constrained\" style=\"margin-top:0;margin-bottom:0;padding-top:var(--wp--preset--spacing--50);padding-right:var(--wp--preset--spacing--50);padding-bottom:var(--wp--preset--spacing--50);padding-left:var(--wp--preset--spacing--50)\">\n<h2 class=\"wp-block-heading has-text-align-center\">Wir helfen Ihnen gerne weiter<\/h2>\n\n\n\n<hr class=\"wp-block-separator has-alpha-channel-opacity\" style=\"margin-top:1.5rem;margin-bottom:1.5rem\"\/>\n\n\n\n<p class=\"has-text-align-center has-medium-font-size\">Falls Sie noch Fragen haben oder eine individuelle Beratung w\u00fcnschen, stehen wir Ihnen jederzeit zur Verf\u00fcgung. Kontaktieren Sie uns noch heute!<\/p>\n\n\n\n<div class=\"wp-block-buttons is-content-justification-center is-layout-flex wp-container-core-buttons-is-layout-2d5e3a4f wp-block-buttons-is-layout-flex\" style=\"margin-top:1.5rem\">\n<div class=\"wp-block-button\"><a class=\"wp-block-button__link wp-element-button\" href=\"tel:+306974622122\">Rufen Sie uns an<\/a><\/div>\n\n\n\n<div class=\"wp-block-button\"><a class=\"wp-block-button__link wp-element-button\" href=\"https:\/\/www.lithorama.gr\/de\/kontakt\/#formular\">Schreiben Sie uns eine E-mail<\/a><\/div>\n<\/div>\n<\/div>\n\n\n\n<div class=\"wp-block-group alignfull has-base-2-background-color has-background has-global-padding is-layout-constrained wp-container-core-group-is-layout-d89aad35 wp-block-group-is-layout-constrained\" style=\"margin-top:0;margin-bottom:0;padding-top:var(--wp--preset--spacing--50);padding-right:var(--wp--preset--spacing--50);padding-bottom:var(--wp--preset--spacing--50);padding-left:var(--wp--preset--spacing--50)\">\n<h2 class=\"wp-block-heading has-text-align-center\" style=\"margin-bottom:2rem\">H\u00e4ufig gestellte Fragen<\/h2>\n\n\n<div id=\"rank-math-faq\" class=\"rank-math-block\">\n<ol class=\"rank-math-list \">\n<li id=\"faq-question-1718125796685\" class=\"rank-math-list-item\">\n<p class=\"rank-math-question \"><strong>Wo befindet sich Lithorama Boutique Suites?<\/strong><\/p>\n<div class=\"rank-math-answer \">\n\n<p>Das Lithorama Boutique Suites liegt in Skala Potamias, im malerischen Nordosten der Insel Thassos, Griechenland.<\/p>\n\n<\/div>\n<\/li>\n<li id=\"faq-question-1718125824789\" class=\"rank-math-list-item\">\n<p class=\"rank-math-question \"><strong><strong>Wie kann ich\u00a0Lithorama Boutique Suites\u00a0erreichen?<\/strong><\/strong><\/p>\n<div class=\"rank-math-answer \">\n\n<p>Die Anreise erfolgt \u00fcber die Flugh\u00e4fen Thessaloniki oder Kavala. Von dort aus gelangen Sie mit dem Auto und F\u00e4hre zur Insel Thassos. Die Suiten befinden sich circa 20 Minuten vom Hafen entfernt.<\/p>\n\n<\/div>\n<\/li>\n<li id=\"faq-question-1718138320161\" class=\"rank-math-list-item\">\n<p class=\"rank-math-question \"><strong>Wie buche ich ein Zimmer auf Ihrer Website?<\/strong><\/p>\n<div class=\"rank-math-answer \">\n\n<p>W\u00e4hlen Sie Ihre Wunsch-Suite aus und \u00f6ffnen Sie das Buchungsformular. Geben Sie hier Ihre pers\u00f6nlichen Daten, den gew\u00fcnschten Reisezeitraum und die G\u00e4steanzahl ein. Best\u00e4tigen Sie anschlie\u00dfend die Datenschutzbestimmungen, dann ist Ihre Reservierungsanfrage bei uns eingegangen. Wir setzen uns umgehend mit Ihnen in Verbindung, um alle Details zu kl\u00e4ren.<\/p>\n\n<\/div>\n<\/li>\n<li id=\"faq-question-1718611803601\" class=\"rank-math-list-item\">\n<p class=\"rank-math-question \"><strong>Ist Lithorama ein Hotel?<\/strong><\/p>\n<div class=\"rank-math-answer \">\n\n<p>Nein, Lithorama ist kein Hotel. Es ist eine charmante, famili\u00e4re Anlage mit Boutique-Suiten in Skala Potamias auf der Insel Thassos. Hier k\u00f6nnen Sie eine gem\u00fctliche und pers\u00f6nliche Atmosph\u00e4re genie\u00dfen.<\/p>\n\n<\/div>\n<\/li>\n<li id=\"faq-question-1718611818394\" class=\"rank-math-list-item\">\n<p class=\"rank-math-question \"><strong>Sind Kinder bei Lithorama als G\u00e4ste willkommen?<\/strong><\/p>\n<div class=\"rank-math-answer \">\n\n<p>Ja, Kinder sind bei uns herzlich willkommen! Wir freuen uns darauf, G\u00e4ste jeden Alters zu begr\u00fc\u00dfen. Unsere gem\u00fctlichen und ger\u00e4umigen Suiten bieten viel Platz f\u00fcr Familien, um sich zu entspannen und wohlzuf\u00fchlen.<\/p>\n\n<\/div>\n<\/li>\n<\/ol>\n<\/div><\/div>\n","protected":false},"excerpt":{"rendered":"<p>Entdecken Sie die Sch\u00f6nheit von Thasos in vollen Z\u00fcgen. Unsere f\u00fcnf traumhaften Maisonette-Suiten heben den Wohngenuss auf eine neue Ebene und laden zum Verweilen ein. Hier erleben Sie h\u00f6chsten Komfort gepaart mit traditioneller griechischer Gastfreundschaft. Eine atemberaubende Kulisse aus Meer, Bergen und \u00fcppiger Natur umgibt die \u00fcber zwei Ebenen angelegten, gro\u00dfz\u00fcgigen Suiten. Viel Platz l\u00e4sst Ihnen Raum zum Entspannen und Wohlf\u00fchlen. Genie\u00dfen Sie die Sch\u00f6nheit der Insel hautnah bei uns.<\/p>\n","protected":false},"author":3,"featured_media":120,"parent":0,"menu_order":1,"comment_status":"closed","ping_status":"closed","template":"","meta":{"_monsterinsights_skip_tracking":false,"_monsterinsights_sitenote_active":false,"_monsterinsights_sitenote_note":"","_monsterinsights_sitenote_category":0,"footnotes":""},"class_list":["post-15","page","type-page","status-publish","has-post-thumbnail","hentry"],"_links":{"self":[{"href":"https:\/\/www.lithorama.gr\/de\/wp-json\/wp\/v2\/pages\/15","targetHints":{"allow":["GET"]}}],"collection":[{"href":"https:\/\/www.lithorama.gr\/de\/wp-json\/wp\/v2\/pages"}],"about":[{"href":"https:\/\/www.lithorama.gr\/de\/wp-json\/wp\/v2\/types\/page"}],"author":[{"embeddable":true,"href":"https:\/\/www.lithorama.gr\/de\/wp-json\/wp\/v2\/users\/3"}],"replies":[{"embeddable":true,"href":"https:\/\/www.lithorama.gr\/de\/wp-json\/wp\/v2\/comments?post=15"}],"version-history":[{"count":5,"href":"https:\/\/www.lithorama.gr\/de\/wp-json\/wp\/v2\/pages\/15\/revisions"}],"predecessor-version":[{"id":2801,"href":"https:\/\/www.lithorama.gr\/de\/wp-json\/wp\/v2\/pages\/15\/revisions\/2801"}],"wp:featuredmedia":[{"embeddable":true,"href":"https:\/\/www.lithorama.gr\/de\/wp-json\/wp\/v2\/media\/120"}],"wp:attachment":[{"href":"https:\/\/www.lithorama.gr\/de\/wp-json\/wp\/v2\/media?parent=15"}],"curies":[{"name":"wp","href":"https:\/\/api.w.org\/{rel}","templated":true}]}}