{"id":1521,"date":"2024-06-11T20:34:15","date_gmt":"2024-06-11T17:34:15","guid":{"rendered":"https:\/\/www.lithorama.gr\/?page_id=1521"},"modified":"2024-06-28T09:10:42","modified_gmt":"2024-06-28T06:10:42","slug":"bewertungen","status":"publish","type":"page","link":"https:\/\/www.lithorama.gr\/de\/info\/bewertungen\/","title":{"rendered":"Echte G\u00e4stebewertungen aus erster Hand"},"content":{"rendered":"\n<script defer async src='https:\/\/cdn.trustindex.io\/loader.js?7c6193e31ec343231b2683c877b'><\/script>\n\n\n\n<p class=\"has-text-align-center\">Bei uns im Lithorama steht Ihre Zufriedenheit als Gast an oberster Stelle. Wir m\u00f6chten, dass Sie einen unvergesslichen Aufenthalt haben und sich rundum wohl f\u00fchlen. Um Ihnen einen authentischen Eindruck zu vermitteln, haben wir Erfahrungsberichte und Bewertungen unserer G\u00e4ste f\u00fcr Sie gesammelt.<\/p>\n\n\n\n<p class=\"has-text-align-center\">Wir w\u00fcrden uns riesig freuen, wenn Sie nach Ihrem Besuch eine Bewertung hinterlassen k\u00f6nnten. Ihre Meinung ist uns unglaublich wichtig und hilft uns, uns stetig zu verbessern. Vielen Dank im Voraus f\u00fcr Ihre Zeit und Unterst\u00fctzung \u2013 wir k\u00f6nnen es kaum erwarten, von Ihnen zu h\u00f6ren!<\/p>\n\n\n\n<div class=\"wp-block-buttons is-content-justification-center is-layout-flex wp-container-core-buttons-is-layout-a89b3969 wp-block-buttons-is-layout-flex\">\n<div class=\"wp-block-button\"><a class=\"wp-block-button__link wp-element-button\" href=\"https:\/\/g.page\/r\/CcFqUvjVsofkEAE\/review\">Google<\/a><\/div>\n\n\n\n<div class=\"wp-block-button\"><a class=\"wp-block-button__link wp-element-button\" href=\"https:\/\/www.booking.com\/hotel\/gr\/lithorama-boutique-suites.de.html#tab-reviews\" target=\"_blank\" rel=\"noopener\">Booking.com<\/a><\/div>\n\n\n\n<div class=\"wp-block-button\"><a class=\"wp-block-button__link wp-element-button\" href=\"https:\/\/www.tripadvisor.com\/UserReviewEdit-g644221-d23503822-Lithorama_Boutique_Suites-Skala_Potamias_Thasos_Northeast_Aegean_Islands.html\" target=\"_blank\" rel=\"noopener\">Tripadvisor<\/a><\/div>\n\n\n\n<div class=\"wp-block-button\"><a class=\"wp-block-button__link wp-element-button\" href=\"https:\/\/www.facebook.com\/lithorama\/reviews\" target=\"_blank\" rel=\"noopener\">Facebook<\/a><\/div>\n\n\n\n<div class=\"wp-block-button\"><a class=\"wp-block-button__link wp-element-button\" href=\"https:\/\/www.holidaycheck.de\/wcf\/hotelreview\/variant?hotelId=c4d8eec5-c338-421f-86b5-f6637bc9d091\" target=\"_blank\" rel=\"noopener\">HolidayCheck<\/a><\/div>\n<\/div>\n\n\n\n<div class=\"wp-block-group alignfull has-base-2-background-color has-background has-global-padding is-layout-constrained wp-container-core-group-is-layout-cf80db02 wp-block-group-is-layout-constrained\" style=\"margin-top:var(--wp--preset--spacing--50);padding-top:var(--wp--preset--spacing--40);padding-right:var(--wp--preset--spacing--50);padding-bottom:var(--wp--preset--spacing--40);padding-left:var(--wp--preset--spacing--50)\">\n<script defer async src='https:\/\/cdn.trustindex.io\/loader.js?87fcaa830e8a9059d836112925e'><\/script>\n<\/div>\n","protected":false},"excerpt":{"rendered":"<p>Erfahren Sie, was G\u00e4ste \u00fcber ihren Aufenthalt im Lithorama Boutique Suites berichten. Lesen Sie authentische Bewertungen und Erlebnisse, die unseren erstklassigen Service und die gem\u00fctliche Atmosph\u00e4re widerspiegeln.<\/p>\n","protected":false},"author":3,"featured_media":0,"parent":2763,"menu_order":5,"comment_status":"closed","ping_status":"closed","template":"","meta":{"_monsterinsights_skip_tracking":false,"_monsterinsights_sitenote_active":false,"_monsterinsights_sitenote_note":"","_monsterinsights_sitenote_category":0,"footnotes":""},"class_list":["post-1521","page","type-page","status-publish","hentry"],"_links":{"self":[{"href":"https:\/\/www.lithorama.gr\/de\/wp-json\/wp\/v2\/pages\/1521","targetHints":{"allow":["GET"]}}],"collection":[{"href":"https:\/\/www.lithorama.gr\/de\/wp-json\/wp\/v2\/pages"}],"about":[{"href":"https:\/\/www.lithorama.gr\/de\/wp-json\/wp\/v2\/types\/page"}],"author":[{"embeddable":true,"href":"https:\/\/www.lithorama.gr\/de\/wp-json\/wp\/v2\/users\/3"}],"replies":[{"embeddable":true,"href":"https:\/\/www.lithorama.gr\/de\/wp-json\/wp\/v2\/comments?post=1521"}],"version-history":[{"count":5,"href":"https:\/\/www.lithorama.gr\/de\/wp-json\/wp\/v2\/pages\/1521\/revisions"}],"predecessor-version":[{"id":3367,"href":"https:\/\/www.lithorama.gr\/de\/wp-json\/wp\/v2\/pages\/1521\/revisions\/3367"}],"up":[{"embeddable":true,"href":"https:\/\/www.lithorama.gr\/de\/wp-json\/wp\/v2\/pages\/2763"}],"wp:attachment":[{"href":"https:\/\/www.lithorama.gr\/de\/wp-json\/wp\/v2\/media?parent=1521"}],"curies":[{"name":"wp","href":"https:\/\/api.w.org\/{rel}","templated":true}]}}