{"id":21,"date":"2024-06-08T13:37:23","date_gmt":"2024-06-08T10:37:23","guid":{"rendered":"https:\/\/www.lithorama.gr\/?page_id=21"},"modified":"2025-01-21T12:24:04","modified_gmt":"2025-01-21T10:24:04","slug":"kontakt","status":"publish","type":"page","link":"https:\/\/www.lithorama.gr\/de\/kontakt\/","title":{"rendered":"Kontaktieren Sie uns"},"content":{"rendered":"\n<p class=\"has-text-align-center\">Wir freuen uns sehr \u00fcber Ihr Interesse und hei\u00dfen Sie herzlich willkommen! Ganz gleich, ob Sie Fragen haben, eine Buchung vornehmen m\u00f6chten oder einfach mehr \u00fcber unsere gem\u00fctlichen Unterk\u00fcnfte erfahren wollen \u2013 wir sind jederzeit gerne f\u00fcr Sie da.<\/p>\n\n\n\n<div class=\"wp-block-buttons is-content-justification-center is-layout-flex wp-container-core-buttons-is-layout-2d5e3a4f wp-block-buttons-is-layout-flex\" style=\"margin-top:1.5rem\">\n<div class=\"wp-block-button\"><a class=\"wp-block-button__link wp-element-button\" href=\"#info\">Rufen Sie uns an<\/a><\/div>\n\n\n\n<div class=\"wp-block-button\"><a class=\"wp-block-button__link wp-element-button\" href=\"#formular\">Schreiben Sie eine Nachricht<\/a><\/div>\n<\/div>\n\n\n\n<div style=\"height:var(--wp--preset--spacing--40)\" aria-hidden=\"true\" class=\"wp-block-spacer\"><\/div>\n\n\n<figure style=\"aspect-ratio:16\/9;\" class=\"alignwide wp-block-post-featured-image\"><img loading=\"lazy\" decoding=\"async\" width=\"1200\" height=\"800\" src=\"https:\/\/www.lithorama.gr\/wp-content\/uploads\/2024\/06\/Melina-Merkouri-Suite-Lithorama-Thasos-4.jpg\" class=\"attachment-post-thumbnail size-post-thumbnail wp-post-image\" alt=\"Melina Merkouri Suite - Lithorama Thasos - 4\" style=\"width:100%;height:100%;object-fit:cover;\" srcset=\"https:\/\/www.lithorama.gr\/wp-content\/uploads\/2024\/06\/Melina-Merkouri-Suite-Lithorama-Thasos-4.jpg 1200w, https:\/\/www.lithorama.gr\/wp-content\/uploads\/2024\/06\/Melina-Merkouri-Suite-Lithorama-Thasos-4-400x267.jpg 400w, https:\/\/www.lithorama.gr\/wp-content\/uploads\/2024\/06\/Melina-Merkouri-Suite-Lithorama-Thasos-4-1024x683.jpg 1024w, https:\/\/www.lithorama.gr\/wp-content\/uploads\/2024\/06\/Melina-Merkouri-Suite-Lithorama-Thasos-4-768x512.jpg 768w\" sizes=\"auto, (max-width: 1200px) 100vw, 1200px\" \/><\/figure>\n\n\n<div style=\"height:var(--wp--preset--spacing--40)\" aria-hidden=\"true\" class=\"wp-block-spacer\"><\/div>\n\n\n\n<div class=\"wp-block-columns alignwide is-layout-flex wp-container-core-columns-is-layout-cbe57604 wp-block-columns-is-layout-flex\">\n<div class=\"wp-block-column is-layout-flow wp-block-column-is-layout-flow\" style=\"flex-basis:33.33%\">\n<h2 class=\"wp-block-heading\" id=\"info\" style=\"font-size:clamp(0.984rem, 0.984rem + ((1vw - 0.2rem) * 0.86), 1.5rem);\">Kontaktinfo<\/h2>\n\n\n\n<h3 class=\"wp-block-heading\" style=\"margin-top:var(--wp--preset--spacing--20)\">Rezeption<\/h3>\n\n\n\n<div class=\"wp-block-group is-layout-grid wp-container-core-group-is-layout-b02581d5 wp-block-group-is-layout-grid\">\n<p>Telefon: <\/p>\n\n\n\n<p class=\"wp-container-content-d45f1063\"><a href=\"tel:+302593061092\" data-type=\"tel\" data-id=\"tel:+302593061092\">+30-259-306-1092<\/a> <br><a href=\"tel:+306987620444\" data-type=\"tel\" data-id=\"tel:+306987620444\">+30-698-762-0444<\/a><\/p>\n\n\n\n<p>WhatsApp &amp; Viber<\/p>\n\n\n\n<p class=\"wp-container-content-d45f1063\"><a href=\"tel:+306987620444\" data-type=\"tel\" data-id=\"tel:+306987620444\">+30-698-762-0444<\/a><\/p>\n\n\n\n<p>E-Mail:<\/p>\n\n\n\n<p class=\"wp-container-content-d45f1063\"><a href=\"mailto:holiday@lithorama.gr\">holiday@lithorama.gr<\/a><\/p>\n<\/div>\n\n\n\n<h3 class=\"wp-block-heading\" style=\"margin-top:var(--wp--preset--spacing--20)\">Buchungen &amp; Anfragen<\/h3>\n\n\n\n<div class=\"wp-block-group is-layout-grid wp-container-core-group-is-layout-b02581d5 wp-block-group-is-layout-grid\">\n<p>Telefon: <\/p>\n\n\n\n<p class=\"wp-container-content-d45f1063\"><a href=\"tel:+306987620444\" data-type=\"tel\" data-id=\"tel:+306987620444\">+30-698-762-0444<\/a><\/p>\n\n\n\n<p>WhatsApp &amp; Viber<\/p>\n\n\n\n<p class=\"wp-container-content-d45f1063\"><a href=\"tel:+306987620444\" data-type=\"tel\" data-id=\"tel:+306987620444\">+30-698-762-0444<\/a><\/p>\n\n\n\n<p>E-Mail:<\/p>\n\n\n\n<p class=\"wp-container-content-d45f1063\"><a href=\"mailto:book@lithorama.gr\">book@lithorama.gr<\/a><\/p>\n<\/div>\n\n\n\n<h3 class=\"wp-block-heading\" style=\"margin-top:var(--wp--preset--spacing--20)\">Adresse:<\/h3>\n\n\n\n<p>Lithorama Boutique Suites<br>Skala Potamias<br>Thassos 640 04<br>Griechenland<\/p>\n<\/div>\n\n\n\n<div class=\"wp-block-column is-layout-flow wp-block-column-is-layout-flow\" style=\"flex-basis:66.66%\">\n<h2 class=\"wp-block-heading\" id=\"formular\" style=\"font-size:clamp(0.984rem, 0.984rem + ((1vw - 0.2rem) * 0.86), 1.5rem);\">Kontaktformular<\/h2>\n\n\n\n<p>Bitte f\u00fcllen Sie das Kontaktformular aus, damit wir Ihre Anfrage bestm\u00f6glich bearbeiten k\u00f6nnen. Wir melden uns umgehend bei Ihnen.<\/p>\n\n\n\n<p class=\"has-small-font-size\" style=\"margin-bottom:1.5rem\"><strong>Hinweis<\/strong>: Alle mit einem Stern (*) markierten Felder sind Pflichtfelder.<\/p>\n\n\n<div class='fluentform ff-default fluentform_wrapper_7  ff_guten_block ff_guten_block-7 ffs_default_wrap'><form data-form_id=\"7\" id=\"fluentform_7\" class=\"frm-fluent-form fluent_form_7 ff-el-form-top ff_form_instance_7_1 ff-form-loading ffs_default\" data-form_instance=\"ff_form_instance_7_1\" method=\"POST\" ><fieldset  style=\"border: none!important;margin: 0!important;padding: 0!important;background-color: transparent!important;box-shadow: none!important;outline: none!important; min-inline-size: 100%;\">\n                    <legend class=\"ff_screen_reader_title\" style=\"display: block; margin: 0!important;padding: 0!important;height: 0!important;text-indent: -999999px;width: 0!important;overflow:hidden;\">Contact Form &#8211; Deutsch<\/legend><input type='hidden' name='__fluent_form_embded_post_id' value='21' \/><input type=\"hidden\" id=\"_fluentform_7_fluentformnonce\" name=\"_fluentform_7_fluentformnonce\" value=\"764e2a6457\" \/><input type=\"hidden\" name=\"_wp_http_referer\" value=\"\/de\/wp-json\/wp\/v2\/pages\/21\" \/><div data-type=\"name-element\" data-name=\"names\" class=\" ff-field_container ff-name-field-wrapper\" ><div class='ff-t-container'><div class='ff-t-cell '><div class='ff-el-group'><div class=\"ff-el-input--label ff-el-is-required asterisk-right\"><label for='ff_7_names_first_name_' id='label_ff_7_names_first_name_' >Vorname:<\/label><\/div><div class='ff-el-input--content'><input type=\"text\" name=\"names[first_name]\" id=\"ff_7_names_first_name_\" class=\"ff-el-form-control\" tabindex=\"1\" aria-invalid=\"false\" aria-required=true><\/div><\/div><\/div><div class='ff-t-cell '><div class='ff-el-group'><div class=\"ff-el-input--label ff-el-is-required asterisk-right\"><label for='ff_7_names_last_name_' id='label_ff_7_names_last_name_' >Nachname:<\/label><\/div><div class='ff-el-input--content'><input type=\"text\" name=\"names[last_name]\" id=\"ff_7_names_last_name_\" class=\"ff-el-form-control\" tabindex=\"2\" aria-invalid=\"false\" aria-required=true><\/div><\/div><\/div><\/div><\/div><div data-name=\"ff_cn_id_1\"  class='ff-t-container ff-column-container ff_columns_total_2 '><div class='ff-t-cell ff-t-column-1' style='flex-basis: 50%;'><div class='ff-el-group'><div class=\"ff-el-input--label ff-el-is-required asterisk-right\"><label for='ff_7_email' id='label_ff_7_email' aria-label=\"E-Mail-Adresse:\">E-Mail-Adresse:<\/label><\/div><div class='ff-el-input--content'><input type=\"email\" name=\"email\" id=\"ff_7_email\" class=\"ff-el-form-control\" data-name=\"email\" tabindex=\"3\"  aria-invalid=\"false\" aria-required=true><\/div><\/div><\/div><div class='ff-t-cell ff-t-column-2' style='flex-basis: 50%;'><div class='ff-el-group'><div class=\"ff-el-input--label ff-el-is-required asterisk-right\"><label for='ff_7_input_text' id='label_ff_7_input_text' aria-label=\"Telefonnummer:\">Telefonnummer:<\/label><\/div><div class='ff-el-input--content'><input type=\"text\" name=\"input_text\" class=\"ff-el-form-control\" data-name=\"input_text\" tabindex=\"4\" id=\"ff_7_input_text\"  aria-invalid=\"false\" aria-required=true><\/div><\/div><\/div><\/div><div class='ff-el-group'><div class=\"ff-el-input--label ff-el-is-required asterisk-right\"><label for='ff_7_dropdown' id='label_ff_7_dropdown' aria-label=\"Betreff:\">Betreff:<\/label><\/div><div class='ff-el-input--content'><select name=\"dropdown\" id=\"ff_7_dropdown\" class=\"ff-el-form-control\" data-name=\"dropdown\" data-calc_value=\"0\" tabindex=\"5\"  aria-invalid=\"false\" aria-required=\"true\" aria-labelledby=\"label_ff_7_dropdown\"><option value=\"\">&#8211; Bitte Auswahl treffen: Buchung oder Allgemein &#8211;<\/option><option value=\"Buchung\"  >Buchung<\/option><option value=\"Allgemein\"  >Allgemein<\/option><\/select><\/div><\/div><div class='ff-el-group has-conditions'><div class=\"ff-el-input--label ff-el-is-required asterisk-right\"><label for='ff_7_dropdown_1' id='label_ff_7_dropdown_1' aria-label=\"Ihr Wunschzimmer:\">Ihr Wunschzimmer:<\/label><\/div><div class='ff-el-input--content'><select name=\"dropdown_1\" id=\"ff_7_dropdown_1\" class=\"ff-el-form-control\" data-name=\"dropdown_1\" data-calc_value=\"0\" tabindex=\"6\"  aria-invalid=\"false\" aria-required=\"true\" aria-labelledby=\"label_ff_7_dropdown_1\"><option value=\"\">&#8211; Bitte w\u00e4hlen Sie Ihre Suite aus &#8211;<\/option><option value=\"Melina Merkouri Suite (Maximale Belegung: 2 Erwachsene und 2 Kinder)\"  >Melina Merkouri Suite (Maximale Belegung: 2 Erwachsene und 2 Kinder)<\/option><option value=\"Nikos Kazantzakis Suite (Maximale Belegung: 2 Erwachsene und 2 Kinder)\"  >Nikos Kazantzakis Suite (Maximale Belegung: 2 Erwachsene und 2 Kinder)<\/option><option value=\"Maria Callas Suite (Maximale Belegung: 4 Erwachsene und 1 Kind)\"  >Maria Callas Suite (Maximale Belegung: 4 Erwachsene und 1 Kind)<\/option><option value=\"Mikis Theodorakis Suite (Maximale Belegung: 4 Erwachsene)\"  >Mikis Theodorakis Suite (Maximale Belegung: 4 Erwachsene)<\/option><option value=\"Otto Rehhagel Suite (Maximale Belegung: 2 Erwachsene und 2 Kinder)\"  >Otto Rehhagel Suite (Maximale Belegung: 2 Erwachsene und 2 Kinder)<\/option><\/select><\/div><\/div><div data-name=\"ff_cn_id_2\"  class='ff-t-container ff-column-container ff_columns_total_3 '><div class='ff-t-cell ff-t-column-1' style='flex-basis: 33.33%;'><div class='ff-el-group has-conditions'><div class=\"ff-el-input--label ff-el-is-required asterisk-right\"><label for='ff_7_numeric-field' id='label_ff_7_numeric-field' aria-label=\"Erwachsene:\">Erwachsene:<\/label><\/div><div class='ff-el-input--content'><input type=\"number\" name=\"numeric-field\" value=\"1\" id=\"ff_7_numeric-field\" class=\"ff-el-form-control\" data-name=\"numeric-field\" inputmode=\"numeric\" step=\"any\" min=\"1\" aria-valuemin=\"1\" tabindex=\"7\"  aria-invalid=\"false\" aria-required=true><\/div><\/div><\/div><div class='ff-t-cell ff-t-column-2' style='flex-basis: 33.33%;'><div class='ff-el-group has-conditions'><div class=\"ff-el-input--label ff-el-is-required asterisk-right\"><label for='ff_7_numeric-field_1' id='label_ff_7_numeric-field_1' aria-label=\"Kinder (4 \u2013 14 Jahre):\">Kinder (4 \u2013 14 Jahre):<\/label><\/div><div class='ff-el-input--content'><input type=\"number\" name=\"numeric-field_1\" value=\"0\" id=\"ff_7_numeric-field_1\" class=\"ff-el-form-control\" data-name=\"numeric-field_1\" inputmode=\"numeric\" step=\"any\" min=\"0\" aria-valuemin=\"0\" tabindex=\"8\"  aria-invalid=\"false\" aria-required=true><\/div><\/div><\/div><div class='ff-t-cell ff-t-column-3' style='flex-basis: 33.33%;'><div class='ff-el-group has-conditions'><div class=\"ff-el-input--label ff-el-is-required asterisk-right\"><label for='ff_7_numeric-field_2' id='label_ff_7_numeric-field_2' aria-label=\"Kleinkinder (bis 3 Jahre):\">Kleinkinder (bis 3 Jahre):<\/label><\/div><div class='ff-el-input--content'><input type=\"number\" name=\"numeric-field_2\" value=\"0\" id=\"ff_7_numeric-field_2\" class=\"ff-el-form-control\" data-name=\"numeric-field_2\" inputmode=\"numeric\" step=\"any\" min=\"0\" aria-valuemin=\"0\" tabindex=\"9\"  aria-invalid=\"false\" aria-required=true><\/div><\/div><\/div><\/div><div data-name=\"ff_cn_id_3\"  class='ff-t-container ff-column-container ff_columns_total_2 '><div class='ff-t-cell ff-t-column-1' style='flex-basis: 50%;'><div class='ff-el-group has-conditions'><div class=\"ff-el-input--label ff-el-is-required asterisk-right\"><label for='ff_7_datetime' id='label_ff_7_datetime' aria-label=\"Anreise:\">Anreise:<\/label><\/div><div class='ff-el-input--content'><input  aria-label='Anreise: Use arrow keys to navigate dates. Press enter to select a date.'  aria-haspopup='dialog' data-type-datepicker data-format='d.m.Y' type=\"text\" name=\"datetime\" id=\"ff_7_datetime\" class=\"ff-el-form-control ff-el-datepicker\" placeholder=\"TT.MM.JJJJ\" data-name=\"datetime\" tabindex=\"10\"  aria-invalid='false' aria-required=true><\/div><\/div><\/div><div class='ff-t-cell ff-t-column-2' style='flex-basis: 50%;'><div class='ff-el-group has-conditions'><div class=\"ff-el-input--label ff-el-is-required asterisk-right\"><label for='ff_7_datetime_1' id='label_ff_7_datetime_1' aria-label=\"Abreise:\">Abreise:<\/label><\/div><div class='ff-el-input--content'><input  aria-label='Abreise: Use arrow keys to navigate dates. Press enter to select a date.'  aria-haspopup='dialog' data-type-datepicker data-format='d.m.Y' type=\"text\" name=\"datetime_1\" id=\"ff_7_datetime_1\" class=\"ff-el-form-control ff-el-datepicker\" placeholder=\"TT.MM.JJJJ\" data-name=\"datetime_1\" tabindex=\"11\"  aria-invalid='false' aria-required=true><\/div><\/div><\/div><\/div><div class='ff-el-group'><div class=\"ff-el-input--label asterisk-right\"><label for='ff_7_message' id='label_ff_7_message' aria-label=\"Ihre Nachricht:\">Ihre Nachricht:<\/label><\/div><div class='ff-el-input--content'><textarea aria-required=\"false\" aria-labelledby=\"label_ff_7_message\" name=\"message\" id=\"ff_7_message\" class=\"ff-el-form-control\" rows=\"4\" cols=\"2\" data-name=\"message\" tabindex=\"12\" ><\/textarea><\/div><\/div><div class='ff-el-group    ff-el-input--content'><div class='ff-el-form-check ff-el-tc'><label aria-label='Ich willige ein, dass meine personenbezogenen Daten f\u00fcr Marketingzwecke verarbeitet werden.' class='ff-el-form-check-label ff_tc_label' for=terms-n-condition_5ad0111325b766d17f545c8122de7624><span class='ff_tc_checkbox'><input type=\"checkbox\" name=\"terms-n-condition\" class=\"ff-el-form-check-input\" data-name=\"terms-n-condition\" id=\"terms-n-condition_5ad0111325b766d17f545c8122de7624\" tabindex=\"13\"  value='on' aria-invalid='false' aria-required=false><\/span> <div class='ff_t_c'><p>Ich willige ein, dass meine personenbezogenen Daten f\u00fcr Marketingzwecke verarbeitet werden.<\/p><\/div><\/label><\/div><\/div><div class='ff-el-group    ff-el-input--content'><div class='ff-el-form-check ff-el-tc'><label aria-label='Ich willige ein, dass diese Website meine \u00fcbermittelten Informationen speichert, damit sie auf meine Anfrage antworten kann.' class='ff-el-form-check-label ff_tc_label' for=gdpr-agreement_22c68582ef5f95707d7e00c32cbae29b><span class='ff_tc_checkbox'><input type=\"checkbox\" name=\"gdpr-agreement\" class=\"ff-el-form-check-input ff_gdpr_field\" data-name=\"gdpr-agreement\" id=\"gdpr-agreement_22c68582ef5f95707d7e00c32cbae29b\" tabindex=\"14\"  value='on' aria-invalid='false' aria-required=true><\/span> <div class='ff_t_c'>Ich willige ein, dass diese Website meine \u00fcbermittelten Informationen speichert, damit sie auf meine Anfrage antworten kann.<\/div><\/label><\/div><\/div><div class='ff-el-group ' ><div class='ff-el-input--content'><div data-fluent_id='7' name='h-captcha-response'><div\n\t\tdata-sitekey='2856bfc8-2e5e-4290-a692-0d8a436a6f36'\n\t\tid='fluentform-hcaptcha-7-1'\n\t\tclass='ff-el-hcaptcha h-captcha'><\/div><\/div><\/div><\/div><div class='ff-el-group ff-text-left ff_submit_btn_wrapper'><button type=\"submit\" class=\"ff-btn ff-btn-submit ff-btn-md ff_btn_style wpf_has_custom_css\" tabindex=\"15\"  aria-label=\"Absenden\">Absenden<\/button><\/div><\/fieldset><\/form><div id='fluentform_7_errors' class='ff-errors-in-stack ff_form_instance_7_1 ff-form-loading_errors ff_form_instance_7_1_errors'><\/div><\/div>            <script type=\"text\/javascript\">\n                window.fluent_form_ff_form_instance_7_1 = {\"id\":\"7\",\"settings\":{\"layout\":{\"labelPlacement\":\"top\",\"helpMessagePlacement\":\"with_label\",\"errorMessagePlacement\":\"inline\",\"cssClassName\":\"\",\"asteriskPlacement\":\"asterisk-right\"},\"restrictions\":{\"denyEmptySubmission\":{\"enabled\":false}}},\"form_instance\":\"ff_form_instance_7_1\",\"form_id_selector\":\"fluentform_7\",\"rules\":{\"names[first_name]\":{\"required\":{\"value\":true,\"message\":\"This field is required\",\"global\":false,\"global_message\":\"This field is required\"}},\"names[middle_name]\":{\"required\":{\"value\":false,\"message\":\"This field is required\",\"global\":false,\"global_message\":\"This field is required\"}},\"names[last_name]\":{\"required\":{\"value\":true,\"message\":\"This field is required\",\"global\":false,\"global_message\":\"This field is required\"}},\"email\":{\"required\":{\"value\":true,\"message\":\"This field is required\",\"global\":false,\"global_message\":\"This field is required\"},\"email\":{\"value\":true,\"message\":\"This field must contain a valid email\",\"global\":false,\"global_message\":\"This field must contain a valid email address\"}},\"input_text\":{\"required\":{\"value\":true,\"message\":\"This field is required\",\"global_message\":\"This field is required\",\"global\":true}},\"dropdown\":{\"required\":{\"value\":true,\"message\":\"This field is required\",\"global_message\":\"This field is required\",\"global\":true}},\"dropdown_1\":{\"required\":{\"value\":true,\"message\":\"This field is required\",\"global_message\":\"This field is required\",\"global\":true}},\"numeric-field\":{\"required\":{\"value\":true,\"message\":\"This field is required\",\"global_message\":\"This field is required\",\"global\":true},\"numeric\":{\"value\":true,\"message\":\"This field must contain a numeric value\",\"global_message\":\"This field must contain a numeric value\",\"global\":true},\"min\":{\"value\":\"1\",\"message\":\"Validation fails for minimum value\",\"global_message\":\"Validation fails for minimum value\",\"global\":true},\"max\":{\"value\":\"\",\"message\":\"Validation fails for maximum value\",\"global_message\":\"Validation fails for maximum value\",\"global\":true},\"digits\":{\"value\":\"1\",\"message\":\"Validation fails for limited digits\",\"global_message\":\"Validation fails for limited digits\",\"global\":true}},\"numeric-field_1\":{\"required\":{\"value\":true,\"message\":\"This field is required\",\"global_message\":\"This field is required\",\"global\":true},\"numeric\":{\"value\":true,\"message\":\"This field must contain a numeric value\",\"global_message\":\"This field must contain a numeric value\",\"global\":true},\"min\":{\"value\":\"0\",\"message\":\"Validation fails for minimum value\",\"global_message\":\"Validation fails for minimum value\",\"global\":true},\"max\":{\"value\":\"\",\"message\":\"Validation fails for maximum value\",\"global_message\":\"Validation fails for maximum value\",\"global\":true},\"digits\":{\"value\":\"1\",\"message\":\"Validation fails for limited digits\",\"global_message\":\"Validation fails for limited digits\",\"global\":true}},\"numeric-field_2\":{\"required\":{\"value\":true,\"message\":\"This field is required\",\"global_message\":\"This field is required\",\"global\":true},\"numeric\":{\"value\":true,\"message\":\"This field must contain a numeric value\",\"global_message\":\"This field must contain a numeric value\",\"global\":true},\"min\":{\"value\":\"0\",\"message\":\"Validation fails for minimum value\",\"global_message\":\"Validation fails for minimum value\",\"global\":true},\"max\":{\"value\":\"\",\"message\":\"Validation fails for maximum value\",\"global_message\":\"Validation fails for maximum value\",\"global\":true},\"digits\":{\"value\":\"1\",\"message\":\"Validation fails for limited digits\",\"global_message\":\"Validation fails for limited digits\",\"global\":true}},\"datetime\":{\"required\":{\"value\":true,\"message\":\"This field is required\",\"global_message\":\"This field is required\",\"global\":true}},\"datetime_1\":{\"required\":{\"value\":true,\"message\":\"This field is required\",\"global_message\":\"This field is required\",\"global\":true}},\"message\":{\"required\":{\"value\":false,\"message\":\"This field is required\",\"global\":false,\"global_message\":\"This field is required\"}},\"terms-n-condition\":{\"required\":{\"value\":false,\"message\":\"This field is required\",\"global_message\":\"This field is required\",\"global\":true}},\"gdpr-agreement\":{\"required\":{\"value\":true,\"message\":\"This field is required\",\"global_message\":\"This field is required\",\"global\":true}},\"h-captcha-response\":[]},\"debounce_time\":300,\"conditionals\":{\"dropdown_1\":{\"type\":\"any\",\"status\":true,\"conditions\":[{\"field\":\"dropdown\",\"value\":\"Buchung\",\"operator\":\"=\"}]},\"numeric-field\":{\"type\":\"any\",\"status\":true,\"conditions\":[{\"field\":\"dropdown\",\"value\":\"Buchung\",\"operator\":\"=\"}]},\"numeric-field_1\":{\"type\":\"any\",\"status\":true,\"conditions\":[{\"field\":\"dropdown\",\"value\":\"Buchung\",\"operator\":\"=\"}]},\"numeric-field_2\":{\"type\":\"any\",\"status\":true,\"conditions\":[{\"field\":\"dropdown\",\"value\":\"Buchung\",\"operator\":\"=\"}]},\"datetime\":{\"type\":\"any\",\"status\":true,\"conditions\":[{\"field\":\"dropdown\",\"value\":\"Buchung\",\"operator\":\"=\"}]},\"datetime_1\":{\"type\":\"any\",\"status\":true,\"conditions\":[{\"field\":\"dropdown\",\"value\":\"Buchung\",\"operator\":\"=\"}]}}};\n                            <\/script>\n            <\/div>\n<\/div>\n\n\n\n<div style=\"height:var(--wp--preset--spacing--40)\" aria-hidden=\"true\" class=\"wp-block-spacer\"><\/div>\n\n\n\n<div class=\"wp-block-group alignfull has-global-padding is-layout-constrained wp-block-group-is-layout-constrained\">\n<iframe src=\"https:\/\/www.google.com\/maps\/embed?pb=!1m14!1m8!1m3!1d12098.15501163617!2d24.759712!3d40.706155!3m2!1i1024!2i768!4f13.1!3m3!1m2!1s0x14aef379c552b547%3A0xe487b2d5f8526ac1!2sLithorama%20-%20Boutique%20Suites!5e0!3m2!1sde!2sgr!4v1717922871029!5m2!1sde!2sgr\" width=\"100%\" height=\"450\" style=\"border:0;max-width:100vw\" allowfullscreen=\"\" loading=\"lazy\" referrerpolicy=\"no-referrer-when-downgrade\"><\/iframe>\n<\/div>\n","protected":false},"excerpt":{"rendered":"<p>Kontaktieren Sie Lithorama Boutique Suites auf Thasos, Griechenland. Wir sind f\u00fcr Ihre Fragen, Buchungen und Informationen zu unseren Unterk\u00fcnften jederzeit erreichbar.<\/p>\n","protected":false},"author":3,"featured_media":815,"parent":0,"menu_order":6,"comment_status":"closed","ping_status":"closed","template":"","meta":{"_monsterinsights_skip_tracking":false,"_monsterinsights_sitenote_active":false,"_monsterinsights_sitenote_note":"","_monsterinsights_sitenote_category":0,"footnotes":""},"class_list":["post-21","page","type-page","status-publish","has-post-thumbnail","hentry"],"_links":{"self":[{"href":"https:\/\/www.lithorama.gr\/de\/wp-json\/wp\/v2\/pages\/21","targetHints":{"allow":["GET"]}}],"collection":[{"href":"https:\/\/www.lithorama.gr\/de\/wp-json\/wp\/v2\/pages"}],"about":[{"href":"https:\/\/www.lithorama.gr\/de\/wp-json\/wp\/v2\/types\/page"}],"author":[{"embeddable":true,"href":"https:\/\/www.lithorama.gr\/de\/wp-json\/wp\/v2\/users\/3"}],"replies":[{"embeddable":true,"href":"https:\/\/www.lithorama.gr\/de\/wp-json\/wp\/v2\/comments?post=21"}],"version-history":[{"count":5,"href":"https:\/\/www.lithorama.gr\/de\/wp-json\/wp\/v2\/pages\/21\/revisions"}],"predecessor-version":[{"id":3785,"href":"https:\/\/www.lithorama.gr\/de\/wp-json\/wp\/v2\/pages\/21\/revisions\/3785"}],"wp:featuredmedia":[{"embeddable":true,"href":"https:\/\/www.lithorama.gr\/de\/wp-json\/wp\/v2\/media\/815"}],"wp:attachment":[{"href":"https:\/\/www.lithorama.gr\/de\/wp-json\/wp\/v2\/media?parent=21"}],"curies":[{"name":"wp","href":"https:\/\/api.w.org\/{rel}","templated":true}]}}