{"id":27,"date":"2024-06-08T13:43:39","date_gmt":"2024-06-08T10:43:39","guid":{"rendered":"https:\/\/www.lithorama.gr\/?page_id=27"},"modified":"2024-06-23T08:17:50","modified_gmt":"2024-06-23T05:17:50","slug":"anreise","status":"publish","type":"page","link":"https:\/\/www.lithorama.gr\/de\/info\/anreise\/","title":{"rendered":"Anreise"},"content":{"rendered":"\n<p class=\"has-text-align-center\">Entdecken Sie die Sch\u00f6nheit der Insel Thassos und lassen Sie sich von unserem charmanten Boutique-Hotel in Skala Potamias verw\u00f6hnen. Ganz gleich, ob Sie aus Thessaloniki oder Kavala anreisen, wir k\u00fcmmern uns darum, dass Ihre Reise so angenehm und reibungslos wie m\u00f6glich verl\u00e4uft. Freuen Sie sich auf entspannte Tage und unvergessliche Erlebnisse bei uns.<\/p>\n\n\n\n<div class=\"wp-block-buttons is-content-justification-center is-layout-flex wp-container-core-buttons-is-layout-2d5e3a4f wp-block-buttons-is-layout-flex\" style=\"margin-top:1.5rem\">\n<div class=\"wp-block-button\"><a class=\"wp-block-button__link wp-element-button\" href=\"#thessaloniki\">Von Thessaloniki<\/a><\/div>\n\n\n\n<div class=\"wp-block-button\"><a class=\"wp-block-button__link wp-element-button\" href=\"#kavala\">Von Kavala<\/a><\/div>\n\n\n\n<div class=\"wp-block-button\"><a class=\"wp-block-button__link wp-element-button\" href=\"#faehren\">F\u00e4hren<\/a><\/div>\n\n\n\n<div class=\"wp-block-button\"><a class=\"wp-block-button__link wp-element-button\" href=\"#abholservice\">Abholservice<\/a><\/div>\n<\/div>\n\n\n\n<div style=\"height:var(--wp--preset--spacing--30)\" aria-hidden=\"true\" class=\"wp-block-spacer\"><\/div>\n\n\n<figure style=\"aspect-ratio:16\/9;\" class=\"alignwide wp-block-post-featured-image\"><img loading=\"lazy\" decoding=\"async\" width=\"1200\" height=\"800\" src=\"https:\/\/www.lithorama.gr\/wp-content\/uploads\/2024\/06\/Lithorama-Thasos-10.jpg\" class=\"attachment-post-thumbnail size-post-thumbnail wp-post-image\" alt=\"Lithorama Thasos - 10\" style=\"width:100%;height:100%;object-fit:cover;\" srcset=\"https:\/\/www.lithorama.gr\/wp-content\/uploads\/2024\/06\/Lithorama-Thasos-10.jpg 1200w, https:\/\/www.lithorama.gr\/wp-content\/uploads\/2024\/06\/Lithorama-Thasos-10-400x267.jpg 400w, https:\/\/www.lithorama.gr\/wp-content\/uploads\/2024\/06\/Lithorama-Thasos-10-1024x683.jpg 1024w, https:\/\/www.lithorama.gr\/wp-content\/uploads\/2024\/06\/Lithorama-Thasos-10-768x512.jpg 768w\" sizes=\"auto, (max-width: 1200px) 100vw, 1200px\" \/><\/figure>\n\n\n<div style=\"height:var(--wp--preset--spacing--30)\" aria-hidden=\"true\" class=\"wp-block-spacer\"><\/div>\n\n\n\n<div class=\"wp-block-group alignfull has-base-2-background-color has-background has-global-padding is-layout-constrained wp-container-core-group-is-layout-0a9fa558 wp-block-group-is-layout-constrained\" style=\"padding-top:var(--wp--preset--spacing--50);padding-right:var(--wp--preset--spacing--50);padding-bottom:var(--wp--preset--spacing--50);padding-left:var(--wp--preset--spacing--50)\">\n<div class=\"wp-block-columns is-layout-flex wp-container-core-columns-is-layout-7fc3d43a wp-block-columns-is-layout-flex\">\n<div class=\"wp-block-column is-layout-flow wp-block-column-is-layout-flow\" style=\"flex-basis:30%\">\n<figure data-wp-context=\"{&quot;imageId&quot;:&quot;69dfecd94df9a&quot;}\" data-wp-interactive=\"core\/image\" data-wp-key=\"69dfecd94df9a\" class=\"wp-block-image aligncenter size-large is-style-rounded is-style-rounded--1 wp-lightbox-container\"><img loading=\"lazy\" decoding=\"async\" width=\"1024\" height=\"1024\" data-wp-class--hide=\"state.isContentHidden\" data-wp-class--show=\"state.isContentVisible\" data-wp-init=\"callbacks.setButtonStyles\" data-wp-on--click=\"actions.showLightbox\" data-wp-on--load=\"callbacks.setButtonStyles\" data-wp-on-window--resize=\"callbacks.setButtonStyles\" src=\"https:\/\/www.lithorama.gr\/wp-content\/uploads\/2024\/06\/White-Tower-Thessaloniki-1024x1024.jpg\" alt=\"The White Tower, Thessaloniki\" class=\"wp-image-1064\" srcset=\"https:\/\/www.lithorama.gr\/wp-content\/uploads\/2024\/06\/White-Tower-Thessaloniki-1024x1024.jpg 1024w, https:\/\/www.lithorama.gr\/wp-content\/uploads\/2024\/06\/White-Tower-Thessaloniki-400x400.jpg 400w, https:\/\/www.lithorama.gr\/wp-content\/uploads\/2024\/06\/White-Tower-Thessaloniki-150x150.jpg 150w, https:\/\/www.lithorama.gr\/wp-content\/uploads\/2024\/06\/White-Tower-Thessaloniki-768x768.jpg 768w, https:\/\/www.lithorama.gr\/wp-content\/uploads\/2024\/06\/White-Tower-Thessaloniki.jpg 1200w\" sizes=\"auto, (max-width: 1024px) 100vw, 1024px\" \/><button\n\t\t\tclass=\"lightbox-trigger\"\n\t\t\ttype=\"button\"\n\t\t\taria-haspopup=\"dialog\"\n\t\t\taria-label=\"Vergr\u00f6\u00dfern\"\n\t\t\tdata-wp-init=\"callbacks.initTriggerButton\"\n\t\t\tdata-wp-on--click=\"actions.showLightbox\"\n\t\t\tdata-wp-style--right=\"state.imageButtonRight\"\n\t\t\tdata-wp-style--top=\"state.imageButtonTop\"\n\t\t>\n\t\t\t<svg xmlns=\"http:\/\/www.w3.org\/2000\/svg\" width=\"12\" height=\"12\" fill=\"none\" viewBox=\"0 0 12 12\">\n\t\t\t\t<path fill=\"#fff\" d=\"M2 0a2 2 0 0 0-2 2v2h1.5V2a.5.5 0 0 1 .5-.5h2V0H2Zm2 10.5H2a.5.5 0 0 1-.5-.5V8H0v2a2 2 0 0 0 2 2h2v-1.5ZM8 12v-1.5h2a.5.5 0 0 0 .5-.5V8H12v2a2 2 0 0 1-2 2H8Zm2-12a2 2 0 0 1 2 2v2h-1.5V2a.5.5 0 0 0-.5-.5H8V0h2Z\" \/>\n\t\t\t<\/svg>\n\t\t<\/button><figcaption class=\"wp-element-caption\">Photo by <a href=\"https:\/\/unsplash.com\/@gnafsika?utm_content=creditCopyText&amp;utm_medium=referral&amp;utm_source=unsplash\" target=\"_blank\" rel=\"noopener\">Nafsika G.<\/a> on <a href=\"https:\/\/unsplash.com\/photos\/people-walking-on-park-during-daytime-wYXNi_r9Xmk?utm_content=creditCopyText&amp;utm_medium=referral&amp;utm_source=unsplash\" target=\"_blank\" rel=\"noopener\">Unsplash<\/a><\/figcaption><\/figure>\n<\/div>\n\n\n\n<div class=\"wp-block-column is-layout-flow wp-block-column-is-layout-flow\" style=\"flex-basis:70%\">\n<h2 class=\"wp-block-heading\" id=\"thessaloniki\" style=\"font-size:clamp(0.875rem, 0.875rem + ((1vw - 0.2rem) * 0.625), 1.25rem);\">Anreise von Thessaloniki<\/h2>\n\n\n\n<p>Wenn Sie am Flughafen Thessaloniki ankommen, reisen Sie weiter bis nach Kavala oder Keramoti. Hierbei haben Sie die M\u00f6glichkeit, einen Bus, ein Taxi oder einen Leihwagen zu nehmen. Die Fahrzeit mit dem Auto betr\u00e4gt ca. 2 bis 2,5 Stunden (je nach Verkehr). Die \u00dcberfahrt von Keramoti nach Limenas dauert ca. 40 Minuten. Die Fahrt von Limenas bis zum Lithorama in Skala Potamias dauert ca. 20 Minuten.<\/p>\n\n\n\n<p class=\"has-small-font-size\"><a href=\"https:\/\/maps.app.goo.gl\/h9wSHZquLBxB3tmG9\" data-type=\"link\" data-id=\"https:\/\/maps.app.goo.gl\/h9wSHZquLBxB3tmG9\" target=\"_blank\" rel=\"noopener\">Die Route auf Google Maps<\/a><\/p>\n<\/div>\n<\/div>\n\n\n\n<div class=\"wp-block-columns is-layout-flex wp-container-core-columns-is-layout-7fc3d43a wp-block-columns-is-layout-flex\">\n<div class=\"wp-block-column is-layout-flow wp-block-column-is-layout-flow\" style=\"flex-basis:30%\">\n<figure data-wp-context=\"{&quot;imageId&quot;:&quot;69dfecd94e9e0&quot;}\" data-wp-interactive=\"core\/image\" data-wp-key=\"69dfecd94e9e0\" class=\"wp-block-image aligncenter size-large is-style-rounded is-style-rounded--2 wp-lightbox-container\"><img loading=\"lazy\" decoding=\"async\" width=\"1024\" height=\"1024\" data-wp-class--hide=\"state.isContentHidden\" data-wp-class--show=\"state.isContentVisible\" data-wp-init=\"callbacks.setButtonStyles\" data-wp-on--click=\"actions.showLightbox\" data-wp-on--load=\"callbacks.setButtonStyles\" data-wp-on-window--resize=\"callbacks.setButtonStyles\" src=\"https:\/\/www.lithorama.gr\/wp-content\/uploads\/2024\/06\/Roman-Aqueduct-Kavala-1024x1024.jpg\" alt=\"Roman Aqueduct, Kavala\" class=\"wp-image-1080\" srcset=\"https:\/\/www.lithorama.gr\/wp-content\/uploads\/2024\/06\/Roman-Aqueduct-Kavala-1024x1024.jpg 1024w, https:\/\/www.lithorama.gr\/wp-content\/uploads\/2024\/06\/Roman-Aqueduct-Kavala-400x400.jpg 400w, https:\/\/www.lithorama.gr\/wp-content\/uploads\/2024\/06\/Roman-Aqueduct-Kavala-150x150.jpg 150w, https:\/\/www.lithorama.gr\/wp-content\/uploads\/2024\/06\/Roman-Aqueduct-Kavala-768x768.jpg 768w, https:\/\/www.lithorama.gr\/wp-content\/uploads\/2024\/06\/Roman-Aqueduct-Kavala.jpg 1200w\" sizes=\"auto, (max-width: 1024px) 100vw, 1024px\" \/><button\n\t\t\tclass=\"lightbox-trigger\"\n\t\t\ttype=\"button\"\n\t\t\taria-haspopup=\"dialog\"\n\t\t\taria-label=\"Vergr\u00f6\u00dfern\"\n\t\t\tdata-wp-init=\"callbacks.initTriggerButton\"\n\t\t\tdata-wp-on--click=\"actions.showLightbox\"\n\t\t\tdata-wp-style--right=\"state.imageButtonRight\"\n\t\t\tdata-wp-style--top=\"state.imageButtonTop\"\n\t\t>\n\t\t\t<svg xmlns=\"http:\/\/www.w3.org\/2000\/svg\" width=\"12\" height=\"12\" fill=\"none\" viewBox=\"0 0 12 12\">\n\t\t\t\t<path fill=\"#fff\" d=\"M2 0a2 2 0 0 0-2 2v2h1.5V2a.5.5 0 0 1 .5-.5h2V0H2Zm2 10.5H2a.5.5 0 0 1-.5-.5V8H0v2a2 2 0 0 0 2 2h2v-1.5ZM8 12v-1.5h2a.5.5 0 0 0 .5-.5V8H12v2a2 2 0 0 1-2 2H8Zm2-12a2 2 0 0 1 2 2v2h-1.5V2a.5.5 0 0 0-.5-.5H8V0h2Z\" \/>\n\t\t\t<\/svg>\n\t\t<\/button><figcaption class=\"wp-element-caption\">Photo by <a href=\"https:\/\/unsplash.com\/@felifox?utm_content=creditCopyText&amp;utm_medium=referral&amp;utm_source=unsplash\" target=\"_blank\" rel=\"noopener\">Felix Fuchs<\/a> on <a href=\"https:\/\/unsplash.com\/photos\/a-large-stone-building-DRqAph42Uyo?utm_content=creditCopyText&amp;utm_medium=referral&amp;utm_source=unsplash\" target=\"_blank\" rel=\"noopener\">Unsplash<\/a><\/figcaption><\/figure>\n<\/div>\n\n\n\n<div class=\"wp-block-column is-layout-flow wp-block-column-is-layout-flow\" style=\"flex-basis:70%\">\n<h2 class=\"wp-block-heading\" id=\"kavala\" style=\"font-size:clamp(0.875rem, 0.875rem + ((1vw - 0.2rem) * 0.625), 1.25rem);\">Anreise von Kavala<\/h2>\n\n\n\n<p>Wenn Sie am Flughafen Kavala ankommen, reisen Sie weiter bis nach Keramoti. Mit einem Taxi ben\u00f6tigen Sie ca. 20 Minuten. Die \u00dcberfahrt dauert dann ebenfalls 40 Minuten. Auf der Insel angekommen, kann die Unterkunft per Taxi oder Bus erreicht werden. Die Fahrt von Limenas bis zum Lithorama in Skala Potamias dauert ca. 20 Minuten.<\/p>\n\n\n\n<p class=\"has-small-font-size\"><a href=\"https:\/\/maps.app.goo.gl\/BNoCs5KmwYCQ7gN18\" data-type=\"link\" data-id=\"https:\/\/maps.app.goo.gl\/h9wSHZquLBxB3tmG9\" target=\"_blank\" rel=\"noopener\">Die Route auf Google Maps<\/a><\/p>\n<\/div>\n<\/div>\n\n\n\n<div class=\"wp-block-columns is-layout-flex wp-container-core-columns-is-layout-7fc3d43a wp-block-columns-is-layout-flex\">\n<div class=\"wp-block-column is-layout-flow wp-block-column-is-layout-flow\" style=\"flex-basis:30%\">\n<figure data-wp-context=\"{&quot;imageId&quot;:&quot;69dfecd94f2b0&quot;}\" data-wp-interactive=\"core\/image\" data-wp-key=\"69dfecd94f2b0\" class=\"wp-block-image aligncenter size-large is-style-rounded is-style-rounded--3 wp-lightbox-container\"><img loading=\"lazy\" decoding=\"async\" width=\"1024\" height=\"1024\" data-wp-class--hide=\"state.isContentHidden\" data-wp-class--show=\"state.isContentVisible\" data-wp-init=\"callbacks.setButtonStyles\" data-wp-on--click=\"actions.showLightbox\" data-wp-on--load=\"callbacks.setButtonStyles\" data-wp-on-window--resize=\"callbacks.setButtonStyles\" src=\"https:\/\/www.lithorama.gr\/wp-content\/uploads\/2024\/06\/Ferry-Boat-Thasos-1024x1024.jpg\" alt=\"Ferry Boat, Thasos\" class=\"wp-image-1087\" srcset=\"https:\/\/www.lithorama.gr\/wp-content\/uploads\/2024\/06\/Ferry-Boat-Thasos-1024x1024.jpg 1024w, https:\/\/www.lithorama.gr\/wp-content\/uploads\/2024\/06\/Ferry-Boat-Thasos-400x400.jpg 400w, https:\/\/www.lithorama.gr\/wp-content\/uploads\/2024\/06\/Ferry-Boat-Thasos-150x150.jpg 150w, https:\/\/www.lithorama.gr\/wp-content\/uploads\/2024\/06\/Ferry-Boat-Thasos-768x768.jpg 768w, https:\/\/www.lithorama.gr\/wp-content\/uploads\/2024\/06\/Ferry-Boat-Thasos.jpg 1200w\" sizes=\"auto, (max-width: 1024px) 100vw, 1024px\" \/><button\n\t\t\tclass=\"lightbox-trigger\"\n\t\t\ttype=\"button\"\n\t\t\taria-haspopup=\"dialog\"\n\t\t\taria-label=\"Vergr\u00f6\u00dfern\"\n\t\t\tdata-wp-init=\"callbacks.initTriggerButton\"\n\t\t\tdata-wp-on--click=\"actions.showLightbox\"\n\t\t\tdata-wp-style--right=\"state.imageButtonRight\"\n\t\t\tdata-wp-style--top=\"state.imageButtonTop\"\n\t\t>\n\t\t\t<svg xmlns=\"http:\/\/www.w3.org\/2000\/svg\" width=\"12\" height=\"12\" fill=\"none\" viewBox=\"0 0 12 12\">\n\t\t\t\t<path fill=\"#fff\" d=\"M2 0a2 2 0 0 0-2 2v2h1.5V2a.5.5 0 0 1 .5-.5h2V0H2Zm2 10.5H2a.5.5 0 0 1-.5-.5V8H0v2a2 2 0 0 0 2 2h2v-1.5ZM8 12v-1.5h2a.5.5 0 0 0 .5-.5V8H12v2a2 2 0 0 1-2 2H8Zm2-12a2 2 0 0 1 2 2v2h-1.5V2a.5.5 0 0 0-.5-.5H8V0h2Z\" \/>\n\t\t\t<\/svg>\n\t\t<\/button><figcaption class=\"wp-element-caption\">Photo by <a href=\"https:\/\/unsplash.com\/@victorolariu?utm_content=creditCopyText&amp;utm_medium=referral&amp;utm_source=unsplash\" target=\"_blank\" rel=\"noopener\">Victor Olariu<\/a> on <a href=\"https:\/\/unsplash.com\/photos\/brown-and-white-ship-on-sea-during-daytime-Bb2R4MNTqg0?utm_content=creditCopyText&amp;utm_medium=referral&amp;utm_source=unsplash\" target=\"_blank\" rel=\"noopener\">Unsplash<\/a><\/figcaption><\/figure>\n<\/div>\n\n\n\n<div class=\"wp-block-column is-layout-flow wp-block-column-is-layout-flow\" style=\"flex-basis:70%\">\n<h2 class=\"wp-block-heading has-text-align-left\" id=\"faehren\" style=\"font-size:clamp(0.875rem, 0.875rem + ((1vw - 0.2rem) * 0.625), 1.25rem);\">Fahrplan der F\u00e4hren nach Thassos<\/h2>\n\n\n\n<p>Einen gut gepflegten Sommerfahrplan mit allen F\u00e4hrverbindungen zur Insel findet ihr auf der Seite &#8222;<a href=\"https:\/\/dromologia-kavalas-thasou.blogspot.com\/\" target=\"_blank\" rel=\"noopener\">F\u00e4hrverbindungen Kavala-Thasos<\/a>&#8222;. Die Seite ist nur auf Griechisch, aber stets aktuell. Ab dem 1. Juni gibt es mehr F\u00e4hrverbindungen:<\/p>\n\n\n\n<ul class=\"wp-block-list\">\n<li><strong>Linie Limenas Thassos &#8211; Keramoti:<\/strong> 72 Fahrten t\u00e4glich (36 von Thassos, 36 von Keramoti). Erste Abfahrt um 05:00 Uhr, letzte um 23:00 Uhr.<\/li>\n\n\n\n<li><strong>Linie Prinos &#8211; Kavala:<\/strong> 10 Fahrten t\u00e4glich (5 von Prinos, 5 von Kavala). Erste Abfahrt um 07:15 Uhr, letzte um 20:15 Uhr.<\/li>\n<\/ul>\n<\/div>\n<\/div>\n\n\n\n<div class=\"wp-block-columns is-layout-flex wp-container-core-columns-is-layout-7fc3d43a wp-block-columns-is-layout-flex\">\n<div class=\"wp-block-column is-layout-flow wp-block-column-is-layout-flow\" style=\"flex-basis:30%\">\n<figure data-wp-context=\"{&quot;imageId&quot;:&quot;69dfecd94fc38&quot;}\" data-wp-interactive=\"core\/image\" data-wp-key=\"69dfecd94fc38\" class=\"wp-block-image aligncenter size-large is-style-rounded is-style-rounded--4 wp-lightbox-container\"><img loading=\"lazy\" decoding=\"async\" width=\"1024\" height=\"1024\" data-wp-class--hide=\"state.isContentHidden\" data-wp-class--show=\"state.isContentVisible\" data-wp-init=\"callbacks.setButtonStyles\" data-wp-on--click=\"actions.showLightbox\" data-wp-on--load=\"callbacks.setButtonStyles\" data-wp-on-window--resize=\"callbacks.setButtonStyles\" src=\"https:\/\/www.lithorama.gr\/wp-content\/uploads\/2024\/06\/Driver-1024x1024.jpg\" alt=\"Driver\" class=\"wp-image-1094\" srcset=\"https:\/\/www.lithorama.gr\/wp-content\/uploads\/2024\/06\/Driver-1024x1024.jpg 1024w, https:\/\/www.lithorama.gr\/wp-content\/uploads\/2024\/06\/Driver-400x400.jpg 400w, https:\/\/www.lithorama.gr\/wp-content\/uploads\/2024\/06\/Driver-150x150.jpg 150w, https:\/\/www.lithorama.gr\/wp-content\/uploads\/2024\/06\/Driver-768x768.jpg 768w, https:\/\/www.lithorama.gr\/wp-content\/uploads\/2024\/06\/Driver.jpg 1200w\" sizes=\"auto, (max-width: 1024px) 100vw, 1024px\" \/><button\n\t\t\tclass=\"lightbox-trigger\"\n\t\t\ttype=\"button\"\n\t\t\taria-haspopup=\"dialog\"\n\t\t\taria-label=\"Vergr\u00f6\u00dfern\"\n\t\t\tdata-wp-init=\"callbacks.initTriggerButton\"\n\t\t\tdata-wp-on--click=\"actions.showLightbox\"\n\t\t\tdata-wp-style--right=\"state.imageButtonRight\"\n\t\t\tdata-wp-style--top=\"state.imageButtonTop\"\n\t\t>\n\t\t\t<svg xmlns=\"http:\/\/www.w3.org\/2000\/svg\" width=\"12\" height=\"12\" fill=\"none\" viewBox=\"0 0 12 12\">\n\t\t\t\t<path fill=\"#fff\" d=\"M2 0a2 2 0 0 0-2 2v2h1.5V2a.5.5 0 0 1 .5-.5h2V0H2Zm2 10.5H2a.5.5 0 0 1-.5-.5V8H0v2a2 2 0 0 0 2 2h2v-1.5ZM8 12v-1.5h2a.5.5 0 0 0 .5-.5V8H12v2a2 2 0 0 1-2 2H8Zm2-12a2 2 0 0 1 2 2v2h-1.5V2a.5.5 0 0 0-.5-.5H8V0h2Z\" \/>\n\t\t\t<\/svg>\n\t\t<\/button><figcaption class=\"wp-element-caption\">Photo by <a href=\"https:\/\/unsplash.com\/@whykei?utm_content=creditCopyText&amp;utm_medium=referral&amp;utm_source=unsplash\" target=\"_blank\" rel=\"noopener\">why kei<\/a> on <a href=\"https:\/\/unsplash.com\/photos\/man-driving-a-car-wearing-wrist-watch-8e2gal_GIE8?utm_content=creditCopyText&amp;utm_medium=referral&amp;utm_source=unsplash\" target=\"_blank\" rel=\"noopener\">Unsplash<\/a><\/figcaption><\/figure>\n<\/div>\n\n\n\n<div class=\"wp-block-column is-layout-flow wp-block-column-is-layout-flow\" style=\"flex-basis:70%\">\n<h2 class=\"wp-block-heading\" id=\"abholservice\" style=\"font-size:clamp(0.875rem, 0.875rem + ((1vw - 0.2rem) * 0.625), 1.25rem);\">Abholservice<\/h2>\n\n\n\n<p>Falls Sie einen Abholservice w\u00fcnschen, k\u00f6nnen Sie dies bei Ihrer Buchung angeben oder uns direkt kontaktieren. Teilen Sie uns Ihre Ankunftsdaten und besondere W\u00fcnsche mit. Unser Abholservice umfasst:<\/p>\n\n\n\n<ul class=\"wp-block-list\">\n<li><strong>Flughafen-Abholung:<\/strong> Abholung am Flughafen Thessaloniki oder Kavala und direkter Transfer zum Hotel.<\/li>\n\n\n\n<li><strong>F\u00e4hrhafen-Abholung:<\/strong> Abholung am F\u00e4hrhafen in Limenas und Transfer zum Hotel.<\/li>\n<\/ul>\n\n\n\n<p>Bitte teilen Sie uns Ihre W\u00fcnsche mit, damit wir Ihre Anreise so angenehm wie m\u00f6glich gestalten k\u00f6nnen.<\/p>\n<\/div>\n<\/div>\n<\/div>\n\n\n\n<div class=\"wp-block-group alignfull has-global-padding is-layout-constrained wp-container-core-group-is-layout-d89aad35 wp-block-group-is-layout-constrained\" style=\"margin-top:0;margin-bottom:0;padding-top:var(--wp--preset--spacing--50);padding-right:var(--wp--preset--spacing--50);padding-bottom:var(--wp--preset--spacing--50);padding-left:var(--wp--preset--spacing--50)\">\n<h2 class=\"wp-block-heading has-text-align-center\">Noch Fragen zur Anreise?<\/h2>\n\n\n\n<hr class=\"wp-block-separator has-alpha-channel-opacity\" style=\"margin-top:1.5rem;margin-bottom:1.5rem\"\/>\n\n\n\n<p class=\"has-text-align-center\">Unser hilfsbereites Team unterst\u00fctzt Sie gerne bei allen Anliegen rund um Ihre Anreiseplanung. Kontaktieren Sie uns einfach &#8211; wir sorgen daf\u00fcr, dass Ihre Reise zu unserem charmanten Boutique-Hotel auf Thassos reibungslos und angenehm verl\u00e4uft. Wir freuen uns schon darauf, Sie bald bei uns begr\u00fc\u00dfen zu d\u00fcrfen!<\/p>\n\n\n\n<div class=\"wp-block-buttons is-content-justification-center is-layout-flex wp-container-core-buttons-is-layout-2d5e3a4f wp-block-buttons-is-layout-flex\" style=\"margin-top:1.5rem\">\n<div class=\"wp-block-button\"><a class=\"wp-block-button__link wp-element-button\" href=\"tel:+306974622122\">Rufen Sie uns an<\/a><\/div>\n\n\n\n<div class=\"wp-block-button\"><a class=\"wp-block-button__link wp-element-button\" href=\"https:\/\/www.lithorama.gr\/de\/kontakt\/#formular\">Schreiben Sie uns eine E-mail<\/a><\/div>\n<\/div>\n<\/div>\n","protected":false},"excerpt":{"rendered":"<p>Genie\u00dfen Sie eine reibungslose Anreise von Thessaloniki oder Kavala mit unseren detaillierten Reisehinweisen und optionalem Abholservice.<\/p>\n","protected":false},"author":3,"featured_media":962,"parent":2763,"menu_order":2,"comment_status":"closed","ping_status":"closed","template":"","meta":{"_monsterinsights_skip_tracking":false,"_monsterinsights_sitenote_active":false,"_monsterinsights_sitenote_note":"","_monsterinsights_sitenote_category":0,"footnotes":""},"class_list":["post-27","page","type-page","status-publish","has-post-thumbnail","hentry"],"_links":{"self":[{"href":"https:\/\/www.lithorama.gr\/de\/wp-json\/wp\/v2\/pages\/27","targetHints":{"allow":["GET"]}}],"collection":[{"href":"https:\/\/www.lithorama.gr\/de\/wp-json\/wp\/v2\/pages"}],"about":[{"href":"https:\/\/www.lithorama.gr\/de\/wp-json\/wp\/v2\/types\/page"}],"author":[{"embeddable":true,"href":"https:\/\/www.lithorama.gr\/de\/wp-json\/wp\/v2\/users\/3"}],"replies":[{"embeddable":true,"href":"https:\/\/www.lithorama.gr\/de\/wp-json\/wp\/v2\/comments?post=27"}],"version-history":[{"count":5,"href":"https:\/\/www.lithorama.gr\/de\/wp-json\/wp\/v2\/pages\/27\/revisions"}],"predecessor-version":[{"id":3280,"href":"https:\/\/www.lithorama.gr\/de\/wp-json\/wp\/v2\/pages\/27\/revisions\/3280"}],"up":[{"embeddable":true,"href":"https:\/\/www.lithorama.gr\/de\/wp-json\/wp\/v2\/pages\/2763"}],"wp:featuredmedia":[{"embeddable":true,"href":"https:\/\/www.lithorama.gr\/de\/wp-json\/wp\/v2\/media\/962"}],"wp:attachment":[{"href":"https:\/\/www.lithorama.gr\/de\/wp-json\/wp\/v2\/media?parent=27"}],"curies":[{"name":"wp","href":"https:\/\/api.w.org\/{rel}","templated":true}]}}