{"id":3472,"date":"2025-01-19T14:12:47","date_gmt":"2025-01-19T12:12:47","guid":{"rendered":"https:\/\/www.lithorama.gr\/?page_id=3472"},"modified":"2025-01-21T10:49:19","modified_gmt":"2025-01-21T08:49:19","slug":"stellenangebote","status":"publish","type":"page","link":"https:\/\/www.lithorama.gr\/de\/stellenangebote\/","title":{"rendered":"Stellenangebote"},"content":{"rendered":"\n<div class=\"wp-block-group alignfull has-contrast-background-color has-background wp-elements-6f98f17b2c8f7374bec073ea490bc5bc has-global-padding is-layout-constrained wp-block-group-is-layout-constrained\">\n<div class=\"wp-block-cover alignfull is-light\" style=\"min-height:40vh;aspect-ratio:unset;\"><span aria-hidden=\"true\" class=\"wp-block-cover__background has-background-dim-0 has-background-dim\" style=\"background-color:#a37e64\"><\/span><img loading=\"lazy\" decoding=\"async\" width=\"1920\" height=\"640\" class=\"wp-block-cover__image-background wp-image-3468\" alt=\"Ein friedlicher Sonnenuntergang auf Thassos, mit goldenen Reflexionen, die \u00fcber die malerische K\u00fcstenlinie schimmern.\" src=\"https:\/\/www.lithorama.gr\/wp-content\/uploads\/2025\/01\/Sunset-over-calm-sea-waves-on-Thasos-island-Greece.jpg\" data-object-fit=\"cover\" srcset=\"https:\/\/www.lithorama.gr\/wp-content\/uploads\/2025\/01\/Sunset-over-calm-sea-waves-on-Thasos-island-Greece.jpg 1920w, https:\/\/www.lithorama.gr\/wp-content\/uploads\/2025\/01\/Sunset-over-calm-sea-waves-on-Thasos-island-Greece-400x133.jpg 400w, https:\/\/www.lithorama.gr\/wp-content\/uploads\/2025\/01\/Sunset-over-calm-sea-waves-on-Thasos-island-Greece-1024x341.jpg 1024w, https:\/\/www.lithorama.gr\/wp-content\/uploads\/2025\/01\/Sunset-over-calm-sea-waves-on-Thasos-island-Greece-768x256.jpg 768w, https:\/\/www.lithorama.gr\/wp-content\/uploads\/2025\/01\/Sunset-over-calm-sea-waves-on-Thasos-island-Greece-1536x512.jpg 1536w\" sizes=\"auto, (max-width: 1920px) 100vw, 1920px\" \/><div class=\"wp-block-cover__inner-container has-global-padding is-layout-constrained wp-block-cover-is-layout-constrained\">\n<h1 class=\"wp-block-heading has-text-align-center\"><span style=\"display:block\">Stellenangebote<\/span> <strong>Werde Teil unseres Teams!<\/strong><\/h1>\n<\/div><\/div>\n<\/div>\n\n\n\n<div class=\"wp-block-group alignfull has-background has-global-padding is-layout-constrained wp-block-group-is-layout-constrained\" style=\"background-color:#f7f3ee;margin-top:0;margin-bottom:0;padding-top:0;padding-bottom:var(--wp--preset--spacing--50)\">\n<div class=\"wp-block-group has-small-font-size is-content-justification-center is-nowrap is-layout-flex wp-container-core-group-is-layout-a210f92f wp-block-group-is-layout-flex\" style=\"padding-top:var(--wp--preset--spacing--10);padding-bottom:var(--wp--preset--spacing--30)\"><nav aria-label=\"breadcrumbs\" class=\"rank-math-breadcrumb\"><p><span class=\"last\">Startseite<\/span><\/p><\/nav>\n<\/div>\n\n\n\n<p class=\"has-large-font-size\" style=\"line-height:1.4\">Im Lithorama liegt uns Gastfreundschaft am Herzen.<\/p>\n\n\n\n<p>Jeden Tag streben wir danach, die Erwartungen unserer G\u00e4ste zu \u00fcbertreffen und ihnen ein unvergessliches Erlebnis zu bieten. Wir glauben an eine famili\u00e4re Atmosph\u00e4re und schaffen ein Umfeld, in dem sich unsere Mitarbeiter entfalten und den bestm\u00f6glichen Service bieten k\u00f6nnen.<\/p>\n\n\n\n<p>Bist du bereit, das n\u00e4chste Kapitel deiner Karriere mit uns zu schreiben?<\/p>\n\n\n\n<p><strong>Warum solltest du Teil unseres Teams werden?<\/strong><\/p>\n\n\n\n<ul class=\"wp-block-list\">\n<li><strong>Kontinuierliche Entwicklung:<\/strong> Im Lithorama investieren wir in deine berufliche Entwicklung und bieten dir Chancen zur Weiterentwicklung und zum Aufstieg.<\/li>\n\n\n\n<li><strong>Teamgeist:<\/strong> Wir schaffen ein freundliches und kooperatives Umfeld, in dem Teamwork und gegenseitige Unterst\u00fctzung zentrale Werte sind.<\/li>\n\n\n\n<li><strong>Attraktive Verg\u00fctung und Benefits:<\/strong> Wir bieten ein attraktives Verg\u00fctungs- und Leistungspaket, das deine Hingabe und deinen Einsatz belohnt.<\/li>\n\n\n\n<li><strong>Kreatives Umfeld:<\/strong> Wir f\u00f6rdern Innovation und Kreativit\u00e4t und geben dir die M\u00f6glichkeit, deine Ideen weiterzuentwickeln.<\/li>\n<\/ul>\n\n\n\n<p><strong><strong>Offene Stellen:<\/strong><\/strong><\/p>\n\n\n\n<div class=\"wp-block-group has-border-color has-base-2-background-color has-background is-layout-flow wp-container-core-group-is-layout-df8f207b wp-block-group-is-layout-flow\" style=\"border-color:#eae7e1;border-width:1px;border-radius:0.25rem;padding-top:1.5rem;padding-right:1.5rem;padding-bottom:1.5rem;padding-left:1.5rem\">\n<p><a href=\"https:\/\/www.lithorama.gr\/de\/stellenangebote\/allrounder-front-office\/\" data-type=\"page\" data-id=\"3567\"><strong>Allrounder Front Office \/ Fr\u00fchst\u00fcck \/ Bar \/ Pool (m\/w\/d)<\/strong><\/a><\/p>\n\n\n\n<p>Genie\u00dfen Sie die griechische Sonne und ein dynamisches Arbeitsumfeld! Als Allrounder sind Sie f\u00fcr den Empfang, die Fr\u00fchst\u00fcckszubereitung, die Bar und den Pool zust\u00e4ndig.<\/p>\n<\/div>\n\n\n\n<div class=\"wp-block-group has-border-color has-base-2-background-color has-background is-layout-flow wp-container-core-group-is-layout-df8f207b wp-block-group-is-layout-flow\" style=\"border-color:#eae7e1;border-width:1px;border-radius:0.25rem;padding-top:1.5rem;padding-right:1.5rem;padding-bottom:1.5rem;padding-left:1.5rem\">\n<p><a href=\"https:\/\/www.lithorama.gr\/de\/stellenangebote\/housekeeping-hauswirtschafter-in\/\" data-type=\"page\" data-id=\"3613\"><strong>Housekeeping\/\u00adHaus\u00adwirt\u00adschafter\/in (m\/w\/d)<\/strong><\/a><\/p>\n\n\n\n<p>Werden Sie Teil des Lithorama Boutique Suites Teams auf Thassos und sorgen Sie f\u00fcr perfekte Sauberkeit und Unterst\u00fctzung beim Fr\u00fchst\u00fcck.<\/p>\n<\/div>\n\n\n\n<div class=\"wp-block-group has-border-color has-base-2-background-color has-background is-layout-flow wp-container-core-group-is-layout-df8f207b wp-block-group-is-layout-flow\" style=\"border-color:#eae7e1;border-width:1px;border-radius:0.25rem;padding-top:1.5rem;padding-right:1.5rem;padding-bottom:1.5rem;padding-left:1.5rem\">\n<p><strong><a href=\"https:\/\/www.lithorama.gr\/de\/stellenangebote\/praktikum-gastgewerbe-tourismus\/\" data-type=\"page\" data-id=\"3629\">Praktikum im Gastgewerbe &amp; Tourismus<\/a><\/strong><\/p>\n\n\n\n<p>Erleben Sie die faszinierende Welt der Hotellerie hautnah mit einem Praktikum auf Thassos. Sammeln Sie wertvolle Praxiserfahrung in einer einzigartigen Umgebung mit kostenfreier Unterkunft und Verpflegung.<\/p>\n<\/div>\n<\/div>\n","protected":false},"excerpt":{"rendered":"<p>Karriere bei Lithorama: Attraktive Hoteljobs mit Top-Benefits. Wir f\u00f6rdern Ihre Entwicklung und legen Wert auf exzellenten Service. Bewerben Sie sich jetzt!<\/p>\n","protected":false},"author":3,"featured_media":3483,"parent":0,"menu_order":0,"comment_status":"closed","ping_status":"closed","template":"page-no-title","meta":{"_monsterinsights_skip_tracking":false,"_monsterinsights_sitenote_active":false,"_monsterinsights_sitenote_note":"","_monsterinsights_sitenote_category":0,"footnotes":""},"class_list":["post-3472","page","type-page","status-publish","has-post-thumbnail","hentry"],"_links":{"self":[{"href":"https:\/\/www.lithorama.gr\/de\/wp-json\/wp\/v2\/pages\/3472","targetHints":{"allow":["GET"]}}],"collection":[{"href":"https:\/\/www.lithorama.gr\/de\/wp-json\/wp\/v2\/pages"}],"about":[{"href":"https:\/\/www.lithorama.gr\/de\/wp-json\/wp\/v2\/types\/page"}],"author":[{"embeddable":true,"href":"https:\/\/www.lithorama.gr\/de\/wp-json\/wp\/v2\/users\/3"}],"replies":[{"embeddable":true,"href":"https:\/\/www.lithorama.gr\/de\/wp-json\/wp\/v2\/comments?post=3472"}],"version-history":[{"count":5,"href":"https:\/\/www.lithorama.gr\/de\/wp-json\/wp\/v2\/pages\/3472\/revisions"}],"predecessor-version":[{"id":3737,"href":"https:\/\/www.lithorama.gr\/de\/wp-json\/wp\/v2\/pages\/3472\/revisions\/3737"}],"wp:featuredmedia":[{"embeddable":true,"href":"https:\/\/www.lithorama.gr\/de\/wp-json\/wp\/v2\/media\/3483"}],"wp:attachment":[{"href":"https:\/\/www.lithorama.gr\/de\/wp-json\/wp\/v2\/media?parent=3472"}],"curies":[{"name":"wp","href":"https:\/\/api.w.org\/{rel}","templated":true}]}}