{"id":3567,"date":"2025-01-20T11:54:44","date_gmt":"2025-01-20T09:54:44","guid":{"rendered":"https:\/\/www.lithorama.gr\/?page_id=3567"},"modified":"2025-01-21T10:45:01","modified_gmt":"2025-01-21T08:45:01","slug":"allrounder-front-office","status":"publish","type":"page","link":"https:\/\/www.lithorama.gr\/de\/stellenangebote\/allrounder-front-office\/","title":{"rendered":"Stellenangebot: Allrounder Front Office \/ Fr\u00fchst\u00fcck \/ Bar \/ Pool (m\/w\/d)"},"content":{"rendered":"\n<div class=\"wp-block-group alignfull has-contrast-background-color has-background wp-elements-391e6ac57f6405cea1970a684d569869 has-global-padding is-layout-constrained wp-block-group-is-layout-constrained\">\n<div class=\"wp-block-cover alignfull is-light\" style=\"min-height:40vh;aspect-ratio:unset;\"><span aria-hidden=\"true\" class=\"wp-block-cover__background has-background-dim-0 has-background-dim\" style=\"background-color:#7392a0\"><\/span><img loading=\"lazy\" decoding=\"async\" width=\"1920\" height=\"640\" class=\"wp-block-cover__image-background wp-image-3660\" alt=\"L\u00e4chelnder Hospitality-Profi in einer malerischen K\u00fcstenlandschaft auf der griechischen Insel Thassos\" src=\"https:\/\/www.lithorama.gr\/wp-content\/uploads\/2025\/01\/All-Rounder-Front-Office.jpg\" data-object-fit=\"cover\" srcset=\"https:\/\/www.lithorama.gr\/wp-content\/uploads\/2025\/01\/All-Rounder-Front-Office.jpg 1920w, https:\/\/www.lithorama.gr\/wp-content\/uploads\/2025\/01\/All-Rounder-Front-Office-400x133.jpg 400w, https:\/\/www.lithorama.gr\/wp-content\/uploads\/2025\/01\/All-Rounder-Front-Office-1024x341.jpg 1024w, https:\/\/www.lithorama.gr\/wp-content\/uploads\/2025\/01\/All-Rounder-Front-Office-768x256.jpg 768w, https:\/\/www.lithorama.gr\/wp-content\/uploads\/2025\/01\/All-Rounder-Front-Office-1536x512.jpg 1536w\" sizes=\"auto, (max-width: 1920px) 100vw, 1920px\" \/><div class=\"wp-block-cover__inner-container has-global-padding is-layout-constrained wp-block-cover-is-layout-constrained\">\n<h1 class=\"wp-block-heading has-text-align-center\"><span style=\"display:block\">Stellenangebot:<\/span><strong> Allrounder Front Office \/ Fr\u00fchst\u00fcck \/ Bar \/ Pool (m\/w\/d)<\/strong><\/h1>\n<\/div><\/div>\n<\/div>\n\n\n\n<div class=\"wp-block-group alignfull has-background has-global-padding is-layout-constrained wp-block-group-is-layout-constrained\" style=\"background-color:#f7f3ee;margin-top:0;margin-bottom:0;padding-top:0;padding-bottom:var(--wp--preset--spacing--50)\">\n<div class=\"wp-block-group has-small-font-size is-content-justification-center is-nowrap is-layout-flex wp-container-core-group-is-layout-a210f92f wp-block-group-is-layout-flex\" style=\"padding-top:var(--wp--preset--spacing--10);padding-bottom:var(--wp--preset--spacing--30)\"><nav aria-label=\"breadcrumbs\" class=\"rank-math-breadcrumb\"><p><span class=\"last\">Startseite<\/span><\/p><\/nav>\n<\/div>\n\n\n\n<p class=\"has-large-font-size\" style=\"line-height:1.4\">Tr\u00e4umst du von einem Job in paradiesischer Umgebung? Werde Teil unseres Teams im Lithorama Boutique Suites auf der wundersch\u00f6nen Insel Thassos!<\/p>\n\n\n\n<p>Wir bieten eine einzigartige Gelegenheit, authentische griechische Gastfreundschaft zu leben und gleichzeitig wertvolle Berufserfahrung zu sammeln.<\/p>\n\n\n\n<p><strong>Was wir bieten:<\/strong><\/p>\n\n\n\n<ul class=\"wp-block-list\">\n<li><strong>Attraktive Verg\u00fctung:<\/strong> Leistungsgerechtes Gehalt.<\/li>\n\n\n\n<li><strong>Kostenfreie Unterkunft und Verpflegung:<\/strong> W\u00e4hrend der gesamten Saison.<\/li>\n\n\n\n<li><strong>Angenehmes Arbeitsumfeld:<\/strong> Ein freundliches, unterst\u00fctzendes Team und eine positive Arbeitsatmosph\u00e4re.<\/li>\n\n\n\n<li><strong>Atemberaubender Meerblick:<\/strong> Arbeite dort, wo andere Urlaub machen.<\/li>\n\n\n\n<li><strong>Freizeit:<\/strong> Gen\u00fcgend Zeit, um die Sch\u00f6nheit von Thassos zu entdecken.<\/li>\n\n\n\n<li><strong>Entwicklungsm\u00f6glichkeiten:<\/strong> Die Chance, deine F\u00e4higkeiten in verschiedenen Bereichen des Gastgewerbes auszubauen.<\/li>\n<\/ul>\n\n\n\n<p><strong>Deine Aufgaben:<\/strong><\/p>\n\n\n\n<ul class=\"wp-block-list\">\n<li><strong>Herzlicher G\u00e4stekontakt:<\/strong> Empfang, Betreuung und Beratung unserer internationalen G\u00e4ste.<\/li>\n\n\n\n<li><strong>Rezeption:<\/strong> Check-in\/Check-out, Bearbeitung von Reservierungen und Anfragen.<\/li>\n\n\n\n<li><strong>Fr\u00fchst\u00fccksservice:<\/strong> Vorbereitung und Betreuung des Fr\u00fchst\u00fccksbuffets.<\/li>\n\n\n\n<li><strong>Barbetrieb:<\/strong> Zubereitung von Getr\u00e4nken und Cocktails.<\/li>\n\n\n\n<li><strong>Poolbereich:<\/strong> Sicherstellung von Sauberkeit und Ordnung.<\/li>\n\n\n\n<li><strong>Allgemeine Unterst\u00fctzung:<\/strong> Flexible Mitarbeit in anderen Bereichen nach Bedarf.<\/li>\n<\/ul>\n\n\n\n<p><strong>Dein Profil:<\/strong><\/p>\n\n\n\n<ul class=\"wp-block-list\">\n<li><strong>Erfahrung im Gastgewerbe:<\/strong> Von Vorteil, aber auch motivierte Quereinsteiger sind willkommen.<\/li>\n\n\n\n<li><strong>Kommunikationsst\u00e4rke und Organisationstalent:<\/strong> Du bist ein offener und teamf\u00e4higer Mensch.<\/li>\n\n\n\n<li><strong>Sprachkenntnisse:<\/strong> Flie\u00dfendes Englisch und Griechisch sind erforderlich, Deutschkenntnisse sind ein Plus.<\/li>\n\n\n\n<li><strong>IT-Kenntnisse:<\/strong> Erfahrung mit PMS-Systemen und Online-Buchungsplattformen (z.B. Booking.com) ist von Vorteil.<\/li>\n\n\n\n<li><strong>Positive Einstellung und Flexibilit\u00e4t:<\/strong> Du bist motiviert, lernbereit und passt dich schnell an neue Situationen an.<\/li>\n<\/ul>\n\n\n\n<p><strong>Gesetzliche Anforderungen:<\/strong><\/p>\n\n\n\n<ul class=\"wp-block-list\">\n<li>G\u00fcltiges Gesundheitszeugnis (Kann bei Bedarf vor Arbeitsbeginn mit unserer Unterst\u00fctzung organisiert werden).<\/li>\n\n\n\n<li>EU-Staatsb\u00fcrgerschaft oder g\u00fcltige Arbeits- und Aufenthaltserlaubnis f\u00fcr Griechenland.<\/li>\n<\/ul>\n\n\n\n<p><strong>Ein typischer Tag bei uns:<\/strong><\/p>\n\n\n\n<p>Beginne deinen Tag mit einem atemberaubenden Blick auf den Golden Beach, w\u00e4hrend du das Fr\u00fchst\u00fcck vorbereitest. Danach k\u00fcmmerst du dich um die Anliegen unserer G\u00e4ste an der Rezeption, unterst\u00fctzt an der Bar oder sorgst f\u00fcr Ordnung am Pool. Jeder Tag bietet neue Herausforderungen und die M\u00f6glichkeit, unvergessliche Urlaubserlebnisse zu schaffen.<\/p>\n\n\n\n<p><strong>Zeitraum:<\/strong><\/p>\n\n\n\n<p>Saisonale Vollzeitstelle von Mai bis Oktober.<\/p>\n\n\n\n<p><strong>Bewirb dich jetzt!<\/strong><\/p>\n\n\n\n<p>Wir bei Lithorama Boutique Suites setzen auf Vielfalt und Inklusion. Bewerbungen von allen qualifizierten Personen sind herzlich willkommen.<\/p>\n\n\n\n<p>Bitte sende deinen Lebenslauf mit einem kurzen Anschreiben an <strong><a href=\"mailto:careers@lithorama.gr\"><strong>careers<\/strong>@lithorama.gr<\/a><\/strong>. Wir freuen uns darauf, dich kennenzulernen!<\/p>\n\n\n\n<div class=\"wp-block-buttons is-layout-flex wp-block-buttons-is-layout-flex\" style=\"margin-top:var(--wp--preset--spacing--30)\">\n<div class=\"wp-block-button\"><a class=\"wp-block-button__link wp-element-button\" href=\"https:\/\/www.lithorama.gr\/de\/stellenangebote\/\">Weitere Stellenangebote ansehen \u2192<\/a><\/div>\n<\/div>\n<\/div>\n","protected":false},"excerpt":{"rendered":"<p>Tr\u00e4umst du von einem Job in paradiesischer Umgebung? Werde Teil unseres Teams im Lithorama Boutique Suites auf der wundersch\u00f6nen Insel Thassos! Wir bieten eine einzigartige Gelegenheit, authentische griechische Gastfreundschaft zu leben und gleichzeitig wertvolle Berufserfahrung zu sammeln. Was wir bieten: Deine Aufgaben: Dein Profil: Gesetzliche Anforderungen: Ein typischer Tag bei uns: Beginne deinen Tag mit [&hellip;]<\/p>\n","protected":false},"author":3,"featured_media":3704,"parent":3472,"menu_order":0,"comment_status":"closed","ping_status":"closed","template":"page-no-title","meta":{"_monsterinsights_skip_tracking":false,"_monsterinsights_sitenote_active":false,"_monsterinsights_sitenote_note":"","_monsterinsights_sitenote_category":0,"footnotes":""},"class_list":["post-3567","page","type-page","status-publish","has-post-thumbnail","hentry"],"_links":{"self":[{"href":"https:\/\/www.lithorama.gr\/de\/wp-json\/wp\/v2\/pages\/3567","targetHints":{"allow":["GET"]}}],"collection":[{"href":"https:\/\/www.lithorama.gr\/de\/wp-json\/wp\/v2\/pages"}],"about":[{"href":"https:\/\/www.lithorama.gr\/de\/wp-json\/wp\/v2\/types\/page"}],"author":[{"embeddable":true,"href":"https:\/\/www.lithorama.gr\/de\/wp-json\/wp\/v2\/users\/3"}],"replies":[{"embeddable":true,"href":"https:\/\/www.lithorama.gr\/de\/wp-json\/wp\/v2\/comments?post=3567"}],"version-history":[{"count":5,"href":"https:\/\/www.lithorama.gr\/de\/wp-json\/wp\/v2\/pages\/3567\/revisions"}],"predecessor-version":[{"id":3729,"href":"https:\/\/www.lithorama.gr\/de\/wp-json\/wp\/v2\/pages\/3567\/revisions\/3729"}],"up":[{"embeddable":true,"href":"https:\/\/www.lithorama.gr\/de\/wp-json\/wp\/v2\/pages\/3472"}],"wp:featuredmedia":[{"embeddable":true,"href":"https:\/\/www.lithorama.gr\/de\/wp-json\/wp\/v2\/media\/3704"}],"wp:attachment":[{"href":"https:\/\/www.lithorama.gr\/de\/wp-json\/wp\/v2\/media?parent=3567"}],"curies":[{"name":"wp","href":"https:\/\/api.w.org\/{rel}","templated":true}]}}