{"id":1880,"date":"2024-06-08T13:33:55","date_gmt":"2024-06-08T10:33:55","guid":{"rendered":"https:\/\/www.lithorama.gr\/discover-our-suites\/"},"modified":"2024-06-29T10:35:06","modified_gmt":"2024-06-29T07:35:06","slug":"rooms","status":"publish","type":"page","link":"https:\/\/www.lithorama.gr\/en\/rooms\/","title":{"rendered":"Find Your Room"},"content":{"rendered":"\n<div class=\"wp-block-group is-layout-flow wp-block-group-is-layout-flow\" style=\"padding-bottom:var(--wp--preset--spacing--50)\">\n<p class=\"has-text-align-center\">Experience the beauty of Thasos to the fullest. Our five dreamy maisonette suites elevate living pleasure to a new level and invite you to linger. Here, you&#8217;ll encounter the highest comfort paired with traditional Greek hospitality. A breathtaking setting of sea, mountains, and lush nature surrounds the spacious two-level suites.<\/p>\n<\/div>\n\n\n\n<div class=\"wp-block-group alignfull has-global-padding is-layout-constrained wp-container-core-group-is-layout-19c400f2 wp-block-group-is-layout-constrained\" style=\"margin-top:0;margin-bottom:0\">\n<div data-wp-context=\"{}\" data-wp-interactive=\"core\/query\" data-wp-key=\"17\" data-wp-router-region=\"query-17\" class=\"wp-block-query alignfull is-layout-flow wp-block-query-is-layout-flow\"><ul class=\"alignfull order wp-block-post-template is-layout-flow wp-container-core-post-template-is-layout-3ee800f6 wp-block-post-template-is-layout-flow\"><li data-wp-key=\"post-template-item-1882\" class=\"wp-block-post post-1882 page type-page status-publish has-post-thumbnail hentry\">\n\n<div class=\"wp-block-columns is-layout-flex wp-container-core-columns-is-layout-f732cb08 wp-block-columns-is-layout-flex\" style=\"margin-top:0;margin-bottom:0\">\n<div class=\"wp-block-column is-vertically-aligned-stretch is-layout-flow wp-block-column-is-layout-flow\" style=\"flex-basis:50%\">\n<div class=\"wp-block-cover is-light\" style=\"min-height:100%;aspect-ratio:unset;\"><span aria-hidden=\"true\" class=\"wp-block-cover__background has-background-dim-0 has-background-dim\" style=\"background-color:#a1a8ab\"><\/span><img loading=\"lazy\" decoding=\"async\" width=\"1200\" height=\"800\" src=\"https:\/\/www.lithorama.gr\/wp-content\/uploads\/2024\/06\/Melina-Merkouri-Suite-Lithorama-Thasos-3.jpg\" class=\"wp-block-cover__image-background wp-post-image\" alt=\"\" data-object-fit=\"cover\" data-object-position=\"50% 100%\" style=\"object-position:50% 100%;\" srcset=\"https:\/\/www.lithorama.gr\/wp-content\/uploads\/2024\/06\/Melina-Merkouri-Suite-Lithorama-Thasos-3.jpg 1200w, https:\/\/www.lithorama.gr\/wp-content\/uploads\/2024\/06\/Melina-Merkouri-Suite-Lithorama-Thasos-3-400x267.jpg 400w, https:\/\/www.lithorama.gr\/wp-content\/uploads\/2024\/06\/Melina-Merkouri-Suite-Lithorama-Thasos-3-1024x683.jpg 1024w, https:\/\/www.lithorama.gr\/wp-content\/uploads\/2024\/06\/Melina-Merkouri-Suite-Lithorama-Thasos-3-768x512.jpg 768w\" sizes=\"auto, (max-width: 1200px) 100vw, 1200px\" \/><div class=\"wp-block-cover__inner-container is-layout-flow wp-block-cover-is-layout-flow\">\n<div style=\"height:20rem\" aria-hidden=\"true\" class=\"wp-block-spacer\"><\/div>\n<\/div><\/div>\n<\/div>\n\n\n\n<div class=\"wp-block-column is-vertically-aligned-center has-global-padding is-layout-constrained wp-container-core-column-is-layout-37bbb7d3 wp-block-column-is-layout-constrained\" style=\"padding-top:var(--wp--preset--spacing--30);padding-bottom:var(--wp--preset--spacing--30);flex-basis:50%\">\n<div class=\"wp-block-group has-global-padding is-layout-constrained wp-container-core-group-is-layout-f611be13 wp-block-group-is-layout-constrained\" style=\"padding-top:var(--wp--preset--spacing--50);padding-right:var(--wp--preset--spacing--50);padding-bottom:var(--wp--preset--spacing--50);padding-left:var(--wp--preset--spacing--50)\"><h2 class=\"has-text-align-center has-link-color wp-elements-36c394f2bc80409109491335fd5eb326 wp-block-post-title\"><a href=\"https:\/\/www.lithorama.gr\/en\/rooms\/melina-merkouri\/\" target=\"_self\" >The Melina Merkouri Suite<\/a><\/h2>\n\n<div class=\"has-text-align-center wp-block-post-excerpt\"><p class=\"wp-block-post-excerpt__excerpt\">This spacious suite spans two floors, offering a generous 33 square meters of space for up to two adults and two children. The ample room layout provides a pleasant and relaxing atmosphere to unwind.<\/p><p class=\"wp-block-post-excerpt__more-text\"><a class=\"wp-block-post-excerpt__more-link\" href=\"https:\/\/www.lithorama.gr\/en\/rooms\/melina-merkouri\/\">Learn More and Book!<\/a><\/p><\/div><\/div>\n<\/div>\n<\/div>\n\n<\/li><li data-wp-key=\"post-template-item-1884\" class=\"wp-block-post post-1884 page type-page status-publish has-post-thumbnail hentry\">\n\n<div class=\"wp-block-columns is-layout-flex wp-container-core-columns-is-layout-f732cb08 wp-block-columns-is-layout-flex\" style=\"margin-top:0;margin-bottom:0\">\n<div class=\"wp-block-column is-vertically-aligned-stretch is-layout-flow wp-block-column-is-layout-flow\" style=\"flex-basis:50%\">\n<div class=\"wp-block-cover is-light\" style=\"min-height:100%;aspect-ratio:unset;\"><span aria-hidden=\"true\" class=\"wp-block-cover__background has-background-dim-0 has-background-dim\" style=\"background-color:#a1a8ab\"><\/span><img loading=\"lazy\" decoding=\"async\" width=\"1200\" height=\"800\" src=\"https:\/\/www.lithorama.gr\/wp-content\/uploads\/2024\/06\/Nikos-Kazantzakis-Suite-Lithorama-Thasos-8.jpg\" class=\"wp-block-cover__image-background wp-post-image\" alt=\"Nikos Kazantzakis Suite - Lithorama Thasos - 8\" data-object-fit=\"cover\" data-object-position=\"50% 100%\" style=\"object-position:50% 100%;\" srcset=\"https:\/\/www.lithorama.gr\/wp-content\/uploads\/2024\/06\/Nikos-Kazantzakis-Suite-Lithorama-Thasos-8.jpg 1200w, https:\/\/www.lithorama.gr\/wp-content\/uploads\/2024\/06\/Nikos-Kazantzakis-Suite-Lithorama-Thasos-8-400x267.jpg 400w, https:\/\/www.lithorama.gr\/wp-content\/uploads\/2024\/06\/Nikos-Kazantzakis-Suite-Lithorama-Thasos-8-1024x683.jpg 1024w, https:\/\/www.lithorama.gr\/wp-content\/uploads\/2024\/06\/Nikos-Kazantzakis-Suite-Lithorama-Thasos-8-768x512.jpg 768w\" sizes=\"auto, (max-width: 1200px) 100vw, 1200px\" \/><div class=\"wp-block-cover__inner-container is-layout-flow wp-block-cover-is-layout-flow\">\n<div style=\"height:20rem\" aria-hidden=\"true\" class=\"wp-block-spacer\"><\/div>\n<\/div><\/div>\n<\/div>\n\n\n\n<div class=\"wp-block-column is-vertically-aligned-center has-global-padding is-layout-constrained wp-container-core-column-is-layout-37bbb7d3 wp-block-column-is-layout-constrained\" style=\"padding-top:var(--wp--preset--spacing--30);padding-bottom:var(--wp--preset--spacing--30);flex-basis:50%\">\n<div class=\"wp-block-group has-global-padding is-layout-constrained wp-container-core-group-is-layout-f611be13 wp-block-group-is-layout-constrained\" style=\"padding-top:var(--wp--preset--spacing--50);padding-right:var(--wp--preset--spacing--50);padding-bottom:var(--wp--preset--spacing--50);padding-left:var(--wp--preset--spacing--50)\"><h2 class=\"has-text-align-center has-link-color wp-elements-36c394f2bc80409109491335fd5eb326 wp-block-post-title\"><a href=\"https:\/\/www.lithorama.gr\/en\/rooms\/nikos-kazantzakis\/\" target=\"_self\" >The Nikos Kazantzakis Suite<\/a><\/h2>\n\n<div class=\"has-text-align-center wp-block-post-excerpt\"><p class=\"wp-block-post-excerpt__excerpt\">Enjoy the comfort and stylish atmosphere of this 31m\u00b2 maisonette suite with open gallery offering breathtaking sea views. This suite is ideal for up to four guests, whether a couple or family.<\/p><p class=\"wp-block-post-excerpt__more-text\"><a class=\"wp-block-post-excerpt__more-link\" href=\"https:\/\/www.lithorama.gr\/en\/rooms\/nikos-kazantzakis\/\">Learn More and Book!<\/a><\/p><\/div><\/div>\n<\/div>\n<\/div>\n\n<\/li><li data-wp-key=\"post-template-item-1886\" class=\"wp-block-post post-1886 page type-page status-publish has-post-thumbnail hentry\">\n\n<div class=\"wp-block-columns is-layout-flex wp-container-core-columns-is-layout-f732cb08 wp-block-columns-is-layout-flex\" style=\"margin-top:0;margin-bottom:0\">\n<div class=\"wp-block-column is-vertically-aligned-stretch is-layout-flow wp-block-column-is-layout-flow\" style=\"flex-basis:50%\">\n<div class=\"wp-block-cover is-light\" style=\"min-height:100%;aspect-ratio:unset;\"><span aria-hidden=\"true\" class=\"wp-block-cover__background has-background-dim-0 has-background-dim\" style=\"background-color:#a1a8ab\"><\/span><img loading=\"lazy\" decoding=\"async\" width=\"1200\" height=\"800\" src=\"https:\/\/www.lithorama.gr\/wp-content\/uploads\/2024\/06\/Maria-Callas-Suite-Lithorama-Thasos-1.jpg\" class=\"wp-block-cover__image-background wp-post-image\" alt=\"\" data-object-fit=\"cover\" data-object-position=\"50% 100%\" style=\"object-position:50% 100%;\" srcset=\"https:\/\/www.lithorama.gr\/wp-content\/uploads\/2024\/06\/Maria-Callas-Suite-Lithorama-Thasos-1.jpg 1200w, https:\/\/www.lithorama.gr\/wp-content\/uploads\/2024\/06\/Maria-Callas-Suite-Lithorama-Thasos-1-400x267.jpg 400w, https:\/\/www.lithorama.gr\/wp-content\/uploads\/2024\/06\/Maria-Callas-Suite-Lithorama-Thasos-1-1024x683.jpg 1024w, https:\/\/www.lithorama.gr\/wp-content\/uploads\/2024\/06\/Maria-Callas-Suite-Lithorama-Thasos-1-768x512.jpg 768w\" sizes=\"auto, (max-width: 1200px) 100vw, 1200px\" \/><div class=\"wp-block-cover__inner-container is-layout-flow wp-block-cover-is-layout-flow\">\n<div style=\"height:20rem\" aria-hidden=\"true\" class=\"wp-block-spacer\"><\/div>\n<\/div><\/div>\n<\/div>\n\n\n\n<div class=\"wp-block-column is-vertically-aligned-center has-global-padding is-layout-constrained wp-container-core-column-is-layout-37bbb7d3 wp-block-column-is-layout-constrained\" style=\"padding-top:var(--wp--preset--spacing--30);padding-bottom:var(--wp--preset--spacing--30);flex-basis:50%\">\n<div class=\"wp-block-group has-global-padding is-layout-constrained wp-container-core-group-is-layout-f611be13 wp-block-group-is-layout-constrained\" style=\"padding-top:var(--wp--preset--spacing--50);padding-right:var(--wp--preset--spacing--50);padding-bottom:var(--wp--preset--spacing--50);padding-left:var(--wp--preset--spacing--50)\"><h2 class=\"has-text-align-center has-link-color wp-elements-36c394f2bc80409109491335fd5eb326 wp-block-post-title\"><a href=\"https:\/\/www.lithorama.gr\/en\/rooms\/maria-callas\/\" target=\"_self\" >The Maria Callas Suite<\/a><\/h2>\n\n<div class=\"has-text-align-center wp-block-post-excerpt\"><p class=\"wp-block-post-excerpt__excerpt\">Enjoy an unforgettable stay in this charming two-level suite that accommodates up to five guests. With premium beds, a private balcony overlooking the sea, and modern amenities, this suite provides everything you need for a comfortable stay.<\/p><p class=\"wp-block-post-excerpt__more-text\"><a class=\"wp-block-post-excerpt__more-link\" href=\"https:\/\/www.lithorama.gr\/en\/rooms\/maria-callas\/\">Learn More and Book!<\/a><\/p><\/div><\/div>\n<\/div>\n<\/div>\n\n<\/li><li data-wp-key=\"post-template-item-1888\" class=\"wp-block-post post-1888 page type-page status-publish has-post-thumbnail hentry\">\n\n<div class=\"wp-block-columns is-layout-flex wp-container-core-columns-is-layout-f732cb08 wp-block-columns-is-layout-flex\" style=\"margin-top:0;margin-bottom:0\">\n<div class=\"wp-block-column is-vertically-aligned-stretch is-layout-flow wp-block-column-is-layout-flow\" style=\"flex-basis:50%\">\n<div class=\"wp-block-cover is-light\" style=\"min-height:100%;aspect-ratio:unset;\"><span aria-hidden=\"true\" class=\"wp-block-cover__background has-background-dim-0 has-background-dim\" style=\"background-color:#a1a8ab\"><\/span><img loading=\"lazy\" decoding=\"async\" width=\"1200\" height=\"800\" src=\"https:\/\/www.lithorama.gr\/wp-content\/uploads\/2024\/06\/Mikis-Theodorakis-Suite-Lithorama-Thasos-1.jpg\" class=\"wp-block-cover__image-background wp-post-image\" alt=\"\" data-object-fit=\"cover\" data-object-position=\"50% 100%\" style=\"object-position:50% 100%;\" srcset=\"https:\/\/www.lithorama.gr\/wp-content\/uploads\/2024\/06\/Mikis-Theodorakis-Suite-Lithorama-Thasos-1.jpg 1200w, https:\/\/www.lithorama.gr\/wp-content\/uploads\/2024\/06\/Mikis-Theodorakis-Suite-Lithorama-Thasos-1-400x267.jpg 400w, https:\/\/www.lithorama.gr\/wp-content\/uploads\/2024\/06\/Mikis-Theodorakis-Suite-Lithorama-Thasos-1-1024x683.jpg 1024w, https:\/\/www.lithorama.gr\/wp-content\/uploads\/2024\/06\/Mikis-Theodorakis-Suite-Lithorama-Thasos-1-768x512.jpg 768w\" sizes=\"auto, (max-width: 1200px) 100vw, 1200px\" \/><div class=\"wp-block-cover__inner-container is-layout-flow wp-block-cover-is-layout-flow\">\n<div style=\"height:20rem\" aria-hidden=\"true\" class=\"wp-block-spacer\"><\/div>\n<\/div><\/div>\n<\/div>\n\n\n\n<div class=\"wp-block-column is-vertically-aligned-center has-global-padding is-layout-constrained wp-container-core-column-is-layout-37bbb7d3 wp-block-column-is-layout-constrained\" style=\"padding-top:var(--wp--preset--spacing--30);padding-bottom:var(--wp--preset--spacing--30);flex-basis:50%\">\n<div class=\"wp-block-group has-global-padding is-layout-constrained wp-container-core-group-is-layout-f611be13 wp-block-group-is-layout-constrained\" style=\"padding-top:var(--wp--preset--spacing--50);padding-right:var(--wp--preset--spacing--50);padding-bottom:var(--wp--preset--spacing--50);padding-left:var(--wp--preset--spacing--50)\"><h2 class=\"has-text-align-center has-link-color wp-elements-36c394f2bc80409109491335fd5eb326 wp-block-post-title\"><a href=\"https:\/\/www.lithorama.gr\/en\/rooms\/mikis-theodorakis\/\" target=\"_self\" >The Mikis Theodorakis Suite<\/a><\/h2>\n\n<div class=\"has-text-align-center wp-block-post-excerpt\"><p class=\"wp-block-post-excerpt__excerpt\">Discover comfort and style in this two-story maisonette suite. With 34 square meters of space, it accommodates up to 4 people with stunning mountain views \u2013 everything you need for a rejuvenating stay.<\/p><p class=\"wp-block-post-excerpt__more-text\"><a class=\"wp-block-post-excerpt__more-link\" href=\"https:\/\/www.lithorama.gr\/en\/rooms\/mikis-theodorakis\/\">Learn More and Book!<\/a><\/p><\/div><\/div>\n<\/div>\n<\/div>\n\n<\/li><li data-wp-key=\"post-template-item-1878\" class=\"wp-block-post post-1878 page type-page status-publish has-post-thumbnail hentry\">\n\n<div class=\"wp-block-columns is-layout-flex wp-container-core-columns-is-layout-f732cb08 wp-block-columns-is-layout-flex\" style=\"margin-top:0;margin-bottom:0\">\n<div class=\"wp-block-column is-vertically-aligned-stretch is-layout-flow wp-block-column-is-layout-flow\" style=\"flex-basis:50%\">\n<div class=\"wp-block-cover is-light\" style=\"min-height:100%;aspect-ratio:unset;\"><span aria-hidden=\"true\" class=\"wp-block-cover__background has-background-dim-0 has-background-dim\" style=\"background-color:#a1a8ab\"><\/span><img loading=\"lazy\" decoding=\"async\" width=\"1200\" height=\"800\" src=\"https:\/\/www.lithorama.gr\/wp-content\/uploads\/2024\/06\/Otto-Rehagel-Suite-Lithorama-Thasos-2.jpg\" class=\"wp-block-cover__image-background wp-post-image\" alt=\"\" data-object-fit=\"cover\" data-object-position=\"50% 100%\" style=\"object-position:50% 100%;\" srcset=\"https:\/\/www.lithorama.gr\/wp-content\/uploads\/2024\/06\/Otto-Rehagel-Suite-Lithorama-Thasos-2.jpg 1200w, https:\/\/www.lithorama.gr\/wp-content\/uploads\/2024\/06\/Otto-Rehagel-Suite-Lithorama-Thasos-2-400x267.jpg 400w, https:\/\/www.lithorama.gr\/wp-content\/uploads\/2024\/06\/Otto-Rehagel-Suite-Lithorama-Thasos-2-1024x683.jpg 1024w, https:\/\/www.lithorama.gr\/wp-content\/uploads\/2024\/06\/Otto-Rehagel-Suite-Lithorama-Thasos-2-768x512.jpg 768w\" sizes=\"auto, (max-width: 1200px) 100vw, 1200px\" \/><div class=\"wp-block-cover__inner-container is-layout-flow wp-block-cover-is-layout-flow\">\n<div style=\"height:20rem\" aria-hidden=\"true\" class=\"wp-block-spacer\"><\/div>\n<\/div><\/div>\n<\/div>\n\n\n\n<div class=\"wp-block-column is-vertically-aligned-center has-global-padding is-layout-constrained wp-container-core-column-is-layout-37bbb7d3 wp-block-column-is-layout-constrained\" style=\"padding-top:var(--wp--preset--spacing--30);padding-bottom:var(--wp--preset--spacing--30);flex-basis:50%\">\n<div class=\"wp-block-group has-global-padding is-layout-constrained wp-container-core-group-is-layout-f611be13 wp-block-group-is-layout-constrained\" style=\"padding-top:var(--wp--preset--spacing--50);padding-right:var(--wp--preset--spacing--50);padding-bottom:var(--wp--preset--spacing--50);padding-left:var(--wp--preset--spacing--50)\"><h2 class=\"has-text-align-center has-link-color wp-elements-36c394f2bc80409109491335fd5eb326 wp-block-post-title\"><a href=\"https:\/\/www.lithorama.gr\/en\/rooms\/otto-rehhagel\/\" target=\"_self\" >The Otto Rehhagel Suite<\/a><\/h2>\n\n<div class=\"has-text-align-center wp-block-post-excerpt\"><p class=\"wp-block-post-excerpt__excerpt\">Discover this cozy 32m\u00b2 maisonette suite spread over two floors, ideal for up to four people. Enjoy breathtaking views of the bay and experience restful nights in an inviting atmosphere. The accessible ground floor is perfectly suited for guests with mobility constraints.<\/p><p class=\"wp-block-post-excerpt__more-text\"><a class=\"wp-block-post-excerpt__more-link\" href=\"https:\/\/www.lithorama.gr\/en\/rooms\/otto-rehhagel\/\">Learn More and Book!<\/a><\/p><\/div><\/div>\n<\/div>\n<\/div>\n\n<\/li><\/ul><\/div>\n<\/div>\n\n\n\n<div class=\"wp-block-group alignfull has-base-2-background-color has-background is-layout-flow wp-block-group-is-layout-flow\" id=\"bewertungen\" style=\"margin-top:0;margin-bottom:0;padding-top:var(--wp--preset--spacing--50);padding-right:var(--wp--preset--spacing--50);padding-bottom:var(--wp--preset--spacing--50);padding-left:var(--wp--preset--spacing--50)\">\n<h2 class=\"wp-block-heading has-text-align-center\">Guest Testimonials<\/h2>\n\n\n\n<script defer async src='https:\/\/cdn.trustindex.io\/loader.js?a24c32631c9e004fc866c26dbfc'><\/script>\n<\/div>\n\n\n\n<div class=\"wp-block-group alignfull has-global-padding is-layout-constrained wp-container-core-group-is-layout-d89aad35 wp-block-group-is-layout-constrained\" style=\"margin-top:0;margin-bottom:0;padding-top:var(--wp--preset--spacing--50);padding-right:var(--wp--preset--spacing--50);padding-bottom:var(--wp--preset--spacing--50);padding-left:var(--wp--preset--spacing--50)\">\n<h2 class=\"wp-block-heading has-text-align-center\">We&#8217;re Happy to Assist You<\/h2>\n\n\n\n<hr class=\"wp-block-separator has-alpha-channel-opacity\" style=\"margin-top:1.5rem;margin-bottom:1.5rem\"\/>\n\n\n\n<p class=\"has-text-align-center\">We&#8217;re always available to answer your questions and provide personalized advice. Feel free to contact us anytime \u2013 we&#8217;re excited to assist you!<\/p>\n\n\n\n<div class=\"wp-block-buttons is-content-justification-center is-layout-flex wp-container-core-buttons-is-layout-2d5e3a4f wp-block-buttons-is-layout-flex\" style=\"margin-top:1.5rem\">\n<div class=\"wp-block-button\"><a class=\"wp-block-button__link wp-element-button\" href=\"tel:+306974622122\">Give Us a Call<\/a><\/div>\n\n\n\n<div class=\"wp-block-button\"><a class=\"wp-block-button__link wp-element-button\" href=\"https:\/\/www.lithorama.gr\/en\/contact\/#formular\">Write us an Email<\/a><\/div>\n<\/div>\n<\/div>\n\n\n\n<div class=\"wp-block-group alignfull has-base-2-background-color has-background has-global-padding is-layout-constrained wp-container-core-group-is-layout-d89aad35 wp-block-group-is-layout-constrained\" style=\"margin-top:0;margin-bottom:0;padding-top:var(--wp--preset--spacing--50);padding-right:var(--wp--preset--spacing--50);padding-bottom:var(--wp--preset--spacing--50);padding-left:var(--wp--preset--spacing--50)\">\n<h2 class=\"wp-block-heading has-text-align-center\" style=\"margin-bottom:2rem\">Frequently Asked Questions<\/h2>\n\n\n<div id=\"rank-math-faq\" class=\"rank-math-block\">\n<ol class=\"rank-math-list \">\n<li id=\"faq-question-1718613925557\" class=\"rank-math-list-item\">\n<p class=\"rank-math-question \"><strong><strong>Where are the Lithorama Boutique Suites located?<\/strong><\/strong><\/p>\n<div class=\"rank-math-answer \">\n\n<p>Lithorama Boutique Suites are situated in Skala Potamias, in the picturesque northeast of the island of Thasos, Greece.<\/p>\n\n<\/div>\n<\/li>\n<li id=\"faq-question-1718614123351\" class=\"rank-math-list-item\">\n<p class=\"rank-math-question \"><strong>How can I get to the accommodation?<\/strong><\/p>\n<div class=\"rank-math-answer \">\n\n<p>To reach our cozy lodging, you\u2019ll first fly into either Thessaloniki or Kavala airports. After that, continue your adventure to Thasos Island by renting a car and taking the ferry. Lithorama is just a short, 20-minute drive from the port.<\/p>\n\n<\/div>\n<\/li>\n<li id=\"faq-question-1718614144919\" class=\"rank-math-list-item\">\n<p class=\"rank-math-question \"><strong>How do I book a room on your website?<\/strong><\/p>\n<div class=\"rank-math-answer \">\n\n<p>Choose your desired suite and open the booking form. Enter your personal details, desired travel dates, and number of guests here. After confirming the privacy policy, your reservation request will be submitted to us. We&#8217;ll promptly follow up with you to confirm all details.<\/p>\n\n<\/div>\n<\/li>\n<li id=\"faq-question-1718614171034\" class=\"rank-math-list-item\">\n<p class=\"rank-math-question \"><strong>Is Lithorama a hotel?<\/strong><\/p>\n<div class=\"rank-math-answer \">\n\n<p>No, Lithorama isn&#8217;t a hotel. It&#8217;s a charming, family-run retreat with boutique suites in Skala Potamias on the beautiful island of Thasos. You&#8217;ll love the cozy and personalized atmosphere we offer.<\/p>\n\n<\/div>\n<\/li>\n<li id=\"faq-question-1718614203056\" class=\"rank-math-list-item\">\n<p class=\"rank-math-question \"><strong>Are children welcome at Lithorama?<\/strong><\/p>\n<div class=\"rank-math-answer \">\n\n<p>Yes, children are warmly welcome! We are excited to host guests of all ages. Our comfortable and spacious suites provide plenty of room for families to relax and feel right at home.<\/p>\n\n<\/div>\n<\/li>\n<\/ol>\n<\/div><\/div>\n","protected":false},"excerpt":{"rendered":"<p>Entdecken Sie die Sch\u00f6nheit von Thasos in vollen Z\u00fcgen. Unsere f\u00fcnf traumhaften Maisonette-Suiten heben den Wohngenuss auf eine neue Ebene und laden zum Verweilen ein. Hier erleben Sie h\u00f6chsten Komfort gepaart mit traditioneller griechischer Gastfreundschaft. Eine atemberaubende Kulisse aus Meer, Bergen und \u00fcppiger Natur umgibt die \u00fcber zwei Ebenen angelegten, gro\u00dfz\u00fcgigen Suiten. Viel Platz l\u00e4sst Ihnen Raum zum Entspannen und Wohlf\u00fchlen. Genie\u00dfen Sie die Sch\u00f6nheit der Insel hautnah bei uns.     <\/p>\n","protected":false},"author":3,"featured_media":1654,"parent":0,"menu_order":1,"comment_status":"closed","ping_status":"closed","template":"","meta":{"_monsterinsights_skip_tracking":false,"_monsterinsights_sitenote_active":false,"_monsterinsights_sitenote_note":"","_monsterinsights_sitenote_category":0,"footnotes":""},"class_list":["post-1880","page","type-page","status-publish","has-post-thumbnail","hentry"],"_links":{"self":[{"href":"https:\/\/www.lithorama.gr\/en\/wp-json\/wp\/v2\/pages\/1880","targetHints":{"allow":["GET"]}}],"collection":[{"href":"https:\/\/www.lithorama.gr\/en\/wp-json\/wp\/v2\/pages"}],"about":[{"href":"https:\/\/www.lithorama.gr\/en\/wp-json\/wp\/v2\/types\/page"}],"author":[{"embeddable":true,"href":"https:\/\/www.lithorama.gr\/en\/wp-json\/wp\/v2\/users\/3"}],"replies":[{"embeddable":true,"href":"https:\/\/www.lithorama.gr\/en\/wp-json\/wp\/v2\/comments?post=1880"}],"version-history":[{"count":5,"href":"https:\/\/www.lithorama.gr\/en\/wp-json\/wp\/v2\/pages\/1880\/revisions"}],"predecessor-version":[{"id":3394,"href":"https:\/\/www.lithorama.gr\/en\/wp-json\/wp\/v2\/pages\/1880\/revisions\/3394"}],"wp:featuredmedia":[{"embeddable":true,"href":"https:\/\/www.lithorama.gr\/en\/wp-json\/wp\/v2\/media\/1654"}],"wp:attachment":[{"href":"https:\/\/www.lithorama.gr\/en\/wp-json\/wp\/v2\/media?parent=1880"}],"curies":[{"name":"wp","href":"https:\/\/api.w.org\/{rel}","templated":true}]}}